{"id":15,"date":"2019-09-25T06:43:35","date_gmt":"2019-09-25T06:43:35","guid":{"rendered":"https:\/\/nala.swipeup.rs?page_id=15"},"modified":"2025-11-12T21:05:57","modified_gmt":"2025-11-12T21:05:57","slug":"o-nama","status":"publish","type":"page","link":"https:\/\/noblecrownkennel.com\/it\/chi-siamo\/","title":{"rendered":"Chi siamo"},"content":{"rendered":"<div data-elementor-type=\"wp-page\" data-elementor-id=\"15\" class=\"elementor elementor-15\" data-elementor-post-type=\"page\">\n\t\t\t\t\t\t<section class=\"elementor-section elementor-top-section elementor-element elementor-element-51b85c96 elementor-section-boxed elementor-section-height-default elementor-section-height-default\" data-id=\"51b85c96\" data-element_type=\"section\" data-e-type=\"section\">\n\t\t\t\t\t\t<div class=\"elementor-container elementor-column-gap-no\">\n\t\t\t\t\t<div class=\"elementor-column elementor-col-100 elementor-top-column elementor-element elementor-element-559f2ca3\" data-id=\"559f2ca3\" data-element_type=\"column\" data-e-type=\"column\" data-settings=\"{&quot;background_background&quot;:&quot;classic&quot;}\">\n\t\t\t<div class=\"elementor-widget-wrap elementor-element-populated\">\n\t\t\t\t\t<div class=\"elementor-background-overlay\"><\/div>\n\t\t\t\t\t\t<div class=\"elementor-element elementor-element-4e6f78c4 elementor-widget elementor-widget-heading\" data-id=\"4e6f78c4\" data-element_type=\"widget\" data-e-type=\"widget\" data-widget_type=\"heading.default\">\n\t\t\t\t<div class=\"elementor-widget-container\">\n\t\t\t\t\t<h1 class=\"elementor-heading-title elementor-size-default\">Chi siamo<\/h1>\t\t\t\t<\/div>\n\t\t\t\t<\/div>\n\t\t\t\t<div class=\"elementor-element elementor-element-3ec17fb6 elementor-widget elementor-widget-image\" data-id=\"3ec17fb6\" data-element_type=\"widget\" data-e-type=\"widget\" data-widget_type=\"image.default\">\n\t\t\t\t<div class=\"elementor-widget-container\">\n\t\t\t\t\t\t\t\t\t\t\t\t\t\t\t<img decoding=\"async\" src=\"https:\/\/noblecrownkennel.comwp-content\/uploads\/2019\/09\/divider_03.svg\" title=\"\" alt=\"\" loading=\"lazy\" \/>\t\t\t\t\t\t\t\t\t\t\t\t\t\t\t<\/div>\n\t\t\t\t<\/div>\n\t\t\t\t<div class=\"elementor-element elementor-element-29722f47 elementor-widget elementor-widget-text-editor\" data-id=\"29722f47\" data-element_type=\"widget\" data-e-type=\"widget\" data-widget_type=\"text-editor.default\">\n\t\t\t\t<div class=\"elementor-widget-container\">\n\t\t\t\t\t\t\t\t\t<p>La storia dell\u2019allevamento Noble Crown inizia con la dedizione verso questi meravigliosi cani. Grazie alla nostra esperienza e all\u2019amore per la razza, abbiamo deciso di creare un allevamento che valorizzi tutte le qualit\u00e0 proprie dei Cavalier King Charles Spaniel. Il nostro allevamento \u00e8 ufficialmente registrato presso il&nbsp;<a href=\"https:\/\/ksrs.rs\/\" target=\"_blank\">Kennel Club della Repubblica di Serbia (KSS)<\/a>&nbsp;e la&nbsp;<a href=\"https:\/\/www.fci.be\/en\/\" target=\"_blank\">FCI&nbsp;<\/a>con il numero <strong data-start=\"796\" data-end=\"804\">8059<\/strong>.<\/p>\t\t\t\t\t\t\t\t<\/div>\n\t\t\t\t<\/div>\n\t\t\t\t\t<\/div>\n\t\t<\/div>\n\t\t\t\t\t<\/div>\n\t\t<\/section>\n\t\t\t\t<section class=\"elementor-section elementor-top-section elementor-element elementor-element-98be1d4 elementor-section-boxed elementor-section-height-default elementor-section-height-default\" data-id=\"98be1d4\" data-element_type=\"section\" data-e-type=\"section\">\n\t\t\t\t\t\t<div class=\"elementor-container elementor-column-gap-no\">\n\t\t\t\t\t<div class=\"elementor-column elementor-col-50 elementor-top-column elementor-element elementor-element-53f7d21\" data-id=\"53f7d21\" data-element_type=\"column\" data-e-type=\"column\">\n\t\t\t<div class=\"elementor-widget-wrap elementor-element-populated\">\n\t\t\t\t\t\t<div class=\"elementor-element elementor-element-deef369 elementor-widget__width-initial elementor-widget elementor-widget-image\" data-id=\"deef369\" data-element_type=\"widget\" data-e-type=\"widget\" data-widget_type=\"image.default\">\n\t\t\t\t<div class=\"elementor-widget-container\">\n\t\t\t\t\t\t\t\t\t\t\t\t\t\t\t\t<a href=\"https:\/\/noblecrownkennel.com\/wp-content\/uploads\/2024\/06\/cavalier-king-charles-spaniel-nala-about-us.png\" data-elementor-open-lightbox=\"yes\" data-e-action-hash=\"#elementor-action%3Aaction%3Dlightbox%26settings%3DeyJpZCI6Mzk2MiwidXJsIjoiaHR0cHM6XC9cL25vYmxlY3Jvd25rZW5uZWwuY29tXC93cC1jb250ZW50XC91cGxvYWRzXC8yMDI0XC8wNlwvY2F2YWxpZXIta2luZy1jaGFybGVzLXNwYW5pZWwtbmFsYS1hYm91dC11cy5wbmcifQ%3D%3D\">\n\t\t\t\t\t\t\t<img fetchpriority=\"high\" decoding=\"async\" width=\"400\" height=\"522\" src=\"https:\/\/noblecrownkennel.com\/wp-content\/uploads\/2024\/06\/cavalier-king-charles-spaniel-nala-about-us.png\" class=\"attachment-full size-full wp-image-3962\" alt=\"\" srcset=\"https:\/\/noblecrownkennel.com\/wp-content\/uploads\/2024\/06\/cavalier-king-charles-spaniel-nala-about-us.png 400w, https:\/\/noblecrownkennel.com\/wp-content\/uploads\/2024\/06\/cavalier-king-charles-spaniel-nala-about-us-230x300.png 230w\" sizes=\"(max-width: 400px) 100vw, 400px\" \/>\t\t\t\t\t\t\t\t<\/a>\n\t\t\t\t\t\t\t\t\t\t\t\t\t\t\t<\/div>\n\t\t\t\t<\/div>\n\t\t\t\t<div class=\"elementor-element elementor-element-be2d0b8 elementor-widget__width-initial elementor-widget elementor-widget-image\" data-id=\"be2d0b8\" data-element_type=\"widget\" data-e-type=\"widget\" data-widget_type=\"image.default\">\n\t\t\t\t<div class=\"elementor-widget-container\">\n\t\t\t\t\t\t\t\t\t\t\t\t\t\t\t\t<a href=\"https:\/\/noblecrownkennel.com\/wp-content\/uploads\/2024\/06\/cavalier-king-charles-spaniel-holly-profile-picture.png\" data-elementor-open-lightbox=\"yes\" data-e-action-hash=\"#elementor-action%3Aaction%3Dlightbox%26settings%3DeyJpZCI6Mzk1NywidXJsIjoiaHR0cHM6XC9cL25vYmxlY3Jvd25rZW5uZWwuY29tXC93cC1jb250ZW50XC91cGxvYWRzXC8yMDI0XC8wNlwvY2F2YWxpZXIta2luZy1jaGFybGVzLXNwYW5pZWwtaG9sbHktcHJvZmlsZS1waWN0dXJlLnBuZyJ9\">\n\t\t\t\t\t\t\t<img decoding=\"async\" width=\"500\" height=\"641\" src=\"https:\/\/noblecrownkennel.com\/wp-content\/uploads\/2024\/06\/cavalier-king-charles-spaniel-holly-profile-picture.png\" class=\"attachment-full size-full wp-image-3957\" alt=\"Cavalier King Charles Spaniel Holly\" srcset=\"https:\/\/noblecrownkennel.com\/wp-content\/uploads\/2024\/06\/cavalier-king-charles-spaniel-holly-profile-picture.png 500w, https:\/\/noblecrownkennel.com\/wp-content\/uploads\/2024\/06\/cavalier-king-charles-spaniel-holly-profile-picture-234x300.png 234w\" sizes=\"(max-width: 500px) 100vw, 500px\" \/>\t\t\t\t\t\t\t\t<\/a>\n\t\t\t\t\t\t\t\t\t\t\t\t\t\t\t<\/div>\n\t\t\t\t<\/div>\n\t\t\t\t<div class=\"elementor-element elementor-element-0968ce1 elementor-widget__width-initial elementor-widget-mobile__width-initial elementor-widget elementor-widget-image\" data-id=\"0968ce1\" data-element_type=\"widget\" data-e-type=\"widget\" data-widget_type=\"image.default\">\n\t\t\t\t<div class=\"elementor-widget-container\">\n\t\t\t\t\t\t\t\t\t\t\t\t\t\t\t\t<a href=\"https:\/\/noblecrownkennel.com\/wp-content\/uploads\/2024\/06\/cavalier-king-charles-spaniel-holly-nala-caesare-about-us.png\" data-elementor-open-lightbox=\"yes\" data-e-action-hash=\"#elementor-action%3Aaction%3Dlightbox%26settings%3DeyJpZCI6Mzk2MywidXJsIjoiaHR0cHM6XC9cL25vYmxlY3Jvd25rZW5uZWwuY29tXC93cC1jb250ZW50XC91cGxvYWRzXC8yMDI0XC8wNlwvY2F2YWxpZXIta2luZy1jaGFybGVzLXNwYW5pZWwtaG9sbHktbmFsYS1jYWVzYXJlLWFib3V0LXVzLnBuZyJ9\">\n\t\t\t\t\t\t\t<img decoding=\"async\" width=\"800\" height=\"530\" src=\"https:\/\/noblecrownkennel.com\/wp-content\/uploads\/2024\/06\/cavalier-king-charles-spaniel-holly-nala-caesare-about-us.png\" class=\"attachment-large size-large wp-image-3963\" alt=\"\" srcset=\"https:\/\/noblecrownkennel.com\/wp-content\/uploads\/2024\/06\/cavalier-king-charles-spaniel-holly-nala-caesare-about-us.png 1000w, https:\/\/noblecrownkennel.com\/wp-content\/uploads\/2024\/06\/cavalier-king-charles-spaniel-holly-nala-caesare-about-us-300x199.png 300w, https:\/\/noblecrownkennel.com\/wp-content\/uploads\/2024\/06\/cavalier-king-charles-spaniel-holly-nala-caesare-about-us-768x508.png 768w\" sizes=\"(max-width: 800px) 100vw, 800px\" \/>\t\t\t\t\t\t\t\t<\/a>\n\t\t\t\t\t\t\t\t\t\t\t\t\t\t\t<\/div>\n\t\t\t\t<\/div>\n\t\t\t\t\t<\/div>\n\t\t<\/div>\n\t\t\t\t<div class=\"elementor-column elementor-col-50 elementor-top-column elementor-element elementor-element-4901eeb4\" data-id=\"4901eeb4\" data-element_type=\"column\" data-e-type=\"column\">\n\t\t\t<div class=\"elementor-widget-wrap elementor-element-populated\">\n\t\t\t\t\t\t<div class=\"elementor-element elementor-element-409354f5 elementor-widget elementor-widget-heading\" data-id=\"409354f5\" data-element_type=\"widget\" data-e-type=\"widget\" data-widget_type=\"heading.default\">\n\t\t\t\t<div class=\"elementor-widget-container\">\n\t\t\t\t\t<span class=\"elementor-heading-title elementor-size-default\">Perch\u00e9 proprio questi meravigliosi cani? <\/span>\t\t\t\t<\/div>\n\t\t\t\t<\/div>\n\t\t\t\t<div class=\"elementor-element elementor-element-17fc416e elementor-widget elementor-widget-text-editor\" data-id=\"17fc416e\" data-element_type=\"widget\" data-e-type=\"widget\" data-widget_type=\"text-editor.default\">\n\t\t\t\t<div class=\"elementor-widget-container\">\n\t\t\t\t\t\t\t\t\t<p>Per noi, la risposta \u00e8 semplice. Il loro carattere dolce, l'intelligenza straordinaria e la fedelt\u00e0 li rendono compagni perfetti per tutte le generazioni. Come amanti dei cani, crediamo fermamente che la qualit\u00e0 sia superiore alla quantit\u00e0. Ecco perch\u00e9 abbiamo deciso di concentrarci sulla selezione, cura e addestramento dei nostri cani per garantire che ogni cucciolo che lascia il nostro allevamento porti gioia e felicit\u00e0 nella sua nuova casa.<\/p>\t\t\t\t\t\t\t\t<\/div>\n\t\t\t\t<\/div>\n\t\t\t\t<div class=\"elementor-element elementor-element-64b805d elementor-widget elementor-widget-heading\" data-id=\"64b805d\" data-element_type=\"widget\" data-e-type=\"widget\" data-widget_type=\"heading.default\">\n\t\t\t\t<div class=\"elementor-widget-container\">\n\t\t\t\t\t<span class=\"elementor-heading-title elementor-size-default\">I nostri cani fanno parte della nostra famiglia<\/span>\t\t\t\t<\/div>\n\t\t\t\t<\/div>\n\t\t\t\t<div class=\"elementor-element elementor-element-12052e71 cut-bottom elementor-widget elementor-widget-text-editor\" data-id=\"12052e71\" data-element_type=\"widget\" data-e-type=\"widget\" data-widget_type=\"text-editor.default\">\n\t\t\t\t<div class=\"elementor-widget-container\">\n\t\t\t\t\t\t\t\t\t<p>Nel nostro allevamento, ogni cane \u00e8 parte della nostra famiglia. Siamo dedicati a fornire la migliore cura, alimentazione e amore possibile per garantire che ogni cucciolo cresca felice, sano e ben socializzato.<\/p><p>Il rispetto per gli animali \u00e8 al centro del nostro impegno verso i cani. Ogni cane nel nostro allevamento \u00e8 trattato con l'amore, l'attenzione e il rispetto che merita, perch\u00e9 crediamo che i nostri animali domestici siano membri della famiglia.<\/p>\t\t\t\t\t\t\t\t<\/div>\n\t\t\t\t<\/div>\n\t\t\t\t\t<\/div>\n\t\t<\/div>\n\t\t\t\t\t<\/div>\n\t\t<\/section>\n\t\t\t\t<\/div>","protected":false},"excerpt":{"rendered":"<p>O nama Pri\u010da odgajiva\u010dnice Noble Crown po\u010dinje sa posve\u0107eno\u0161\u0107u prema ovim divnim psima. Kroz na\u0161e iskustvo i ljubav prema rasi, odlu\u010dili smo da stvorimo odgajiva\u010dnicu koja \u0107e negovati sve kvalitete koje Kavalijeri kralja \u010carlsa nose sa sobom. Na\u0161a odgajiva\u010dnica je zvani\u010dno registrovana pri&nbsp;Kinolo\u0161kom savezu Republike Srbije (KSS)&nbsp;i&nbsp;FCI&nbsp;pod brojem 8059. Za\u0161to ba\u0161 ovi predivni psi? Za [&hellip;]<\/p>\n","protected":false},"author":4,"featured_media":0,"parent":0,"menu_order":0,"comment_status":"closed","ping_status":"closed","template":"elementor_canvas","meta":{"inline_featured_image":false,"_monsterinsights_skip_tracking":false,"_monsterinsights_sitenote_active":false,"_monsterinsights_sitenote_note":"","_monsterinsights_sitenote_category":0,"_uf_show_specific_survey":0,"_uf_disable_surveys":false,"footnotes":""},"class_list":["post-15","page","type-page","status-publish","hentry"],"yoast_head":"<!-- This site is optimized with the Yoast SEO Premium plugin v22.8 (Yoast SEO v27.5) - https:\/\/yoast.com\/product\/yoast-seo-premium-wordpress\/ -->\n<title>O nama - Noble Crown<\/title>\n<meta name=\"description\" content=\"Zbog iskustva i ljubavi ovoj rasi, stvorili smo Noble crown odgajiva\u010dnicu koja neguje sve kvalitete Kavalijer kralja \u010carlsa.\" \/>\n<meta name=\"robots\" content=\"index, follow, max-snippet:-1, max-image-preview:large, max-video-preview:-1\" \/>\n<link rel=\"canonical\" href=\"https:\/\/noblecrownkennel.com\/it\/chi-siamo\/\" \/>\n<meta property=\"og:locale\" content=\"it_IT\" \/>\n<meta property=\"og:type\" content=\"article\" \/>\n<meta property=\"og:title\" content=\"O nama\" \/>\n<meta property=\"og:description\" content=\"Zbog iskustva i ljubavi ovoj rasi, stvorili smo Noble crown odgajiva\u010dnicu koja neguje sve kvalitete Kavalijer kralja \u010carlsa.\" \/>\n<meta property=\"og:url\" content=\"https:\/\/noblecrownkennel.com\/it\/chi-siamo\/\" \/>\n<meta property=\"og:site_name\" content=\"Noble Crown\" \/>\n<meta property=\"article:publisher\" content=\"https:\/\/www.facebook.com\/noblecrownkennel\" \/>\n<meta property=\"article:modified_time\" content=\"2025-11-12T21:05:57+00:00\" \/>\n<meta property=\"og:image\" content=\"https:\/\/noblecrownkennel.comwp-content\/uploads\/2019\/09\/divider_03.svg\" \/>\n<meta name=\"twitter:card\" content=\"summary_large_image\" \/>\n<meta name=\"twitter:label1\" content=\"Tempo di lettura stimato\" \/>\n\t<meta name=\"twitter:data1\" content=\"2 minuti\" \/>\n<script type=\"application\/ld+json\" class=\"yoast-schema-graph\">{\"@context\":\"https:\\\/\\\/schema.org\",\"@graph\":[{\"@type\":\"WebPage\",\"@id\":\"https:\\\/\\\/noblecrownkennel.com\\\/o-nama\\\/\",\"url\":\"https:\\\/\\\/noblecrownkennel.com\\\/o-nama\\\/\",\"name\":\"O nama - Noble Crown\",\"isPartOf\":{\"@id\":\"https:\\\/\\\/noblecrownkennel.com\\\/#website\"},\"primaryImageOfPage\":{\"@id\":\"https:\\\/\\\/noblecrownkennel.com\\\/o-nama\\\/#primaryimage\"},\"image\":{\"@id\":\"https:\\\/\\\/noblecrownkennel.com\\\/o-nama\\\/#primaryimage\"},\"thumbnailUrl\":\"https:\\\/\\\/noblecrownkennel.comwp-content\\\/uploads\\\/2019\\\/09\\\/divider_03.svg\",\"datePublished\":\"2019-09-25T06:43:35+00:00\",\"dateModified\":\"2025-11-12T21:05:57+00:00\",\"description\":\"Zbog iskustva i ljubavi ovoj rasi, stvorili smo Noble crown odgajiva\u010dnicu koja neguje sve kvalitete Kavalijer kralja \u010carlsa.\",\"breadcrumb\":{\"@id\":\"https:\\\/\\\/noblecrownkennel.com\\\/o-nama\\\/#breadcrumb\"},\"inLanguage\":\"it-IT\",\"potentialAction\":[{\"@type\":\"ReadAction\",\"target\":[\"https:\\\/\\\/noblecrownkennel.com\\\/o-nama\\\/\"]}]},{\"@type\":\"ImageObject\",\"inLanguage\":\"it-IT\",\"@id\":\"https:\\\/\\\/noblecrownkennel.com\\\/o-nama\\\/#primaryimage\",\"url\":\"https:\\\/\\\/noblecrownkennel.comwp-content\\\/uploads\\\/2019\\\/09\\\/divider_03.svg\",\"contentUrl\":\"https:\\\/\\\/noblecrownkennel.comwp-content\\\/uploads\\\/2019\\\/09\\\/divider_03.svg\"},{\"@type\":\"BreadcrumbList\",\"@id\":\"https:\\\/\\\/noblecrownkennel.com\\\/o-nama\\\/#breadcrumb\",\"itemListElement\":[{\"@type\":\"ListItem\",\"position\":1,\"name\":\"Home\",\"item\":\"https:\\\/\\\/noblecrownkennel.com\\\/\"},{\"@type\":\"ListItem\",\"position\":2,\"name\":\"O nama\"}]},{\"@type\":\"WebSite\",\"@id\":\"https:\\\/\\\/noblecrownkennel.com\\\/#website\",\"url\":\"https:\\\/\\\/noblecrownkennel.com\\\/\",\"name\":\"Noble Crown Kennel\",\"description\":\"odgajiva\u010dnica Kavalier \u0161panijela kralja \u010carlsa\",\"publisher\":{\"@id\":\"https:\\\/\\\/noblecrownkennel.com\\\/#organization\"},\"potentialAction\":[{\"@type\":\"SearchAction\",\"target\":{\"@type\":\"EntryPoint\",\"urlTemplate\":\"https:\\\/\\\/noblecrownkennel.com\\\/?s={search_term_string}\"},\"query-input\":{\"@type\":\"PropertyValueSpecification\",\"valueRequired\":true,\"valueName\":\"search_term_string\"}}],\"inLanguage\":\"it-IT\"},{\"@type\":\"Organization\",\"@id\":\"https:\\\/\\\/noblecrownkennel.com\\\/#organization\",\"name\":\"Noble Crown odgajiva\u010dnica Kavalier \u0161panijela kralja \u010carlsa\",\"url\":\"https:\\\/\\\/noblecrownkennel.com\\\/\",\"logo\":{\"@type\":\"ImageObject\",\"inLanguage\":\"it-IT\",\"@id\":\"https:\\\/\\\/noblecrownkennel.com\\\/#\\\/schema\\\/logo\\\/image\\\/\",\"url\":\"https:\\\/\\\/noblecrownkennel.com\\\/wp-content\\\/uploads\\\/2024\\\/06\\\/0-02-05-cdcdc5e320167c766baf36cd2d8b3512cfb89ad87e164b962eb3e754bc927ec6_ac1cf91cf9270f27.png\",\"contentUrl\":\"https:\\\/\\\/noblecrownkennel.com\\\/wp-content\\\/uploads\\\/2024\\\/06\\\/0-02-05-cdcdc5e320167c766baf36cd2d8b3512cfb89ad87e164b962eb3e754bc927ec6_ac1cf91cf9270f27.png\",\"width\":500,\"height\":500,\"caption\":\"Noble Crown odgajiva\u010dnica Kavalier \u0161panijela kralja \u010carlsa\"},\"image\":{\"@id\":\"https:\\\/\\\/noblecrownkennel.com\\\/#\\\/schema\\\/logo\\\/image\\\/\"},\"sameAs\":[\"https:\\\/\\\/www.facebook.com\\\/noblecrownkennel\",\"https:\\\/\\\/www.instagram.com\\\/noblecrownkennel\\\/\"]}]}<\/script>\n<!-- \/ Yoast SEO Premium plugin. -->","yoast_head_json":{"title":"Chi siamo - Noble Crown","description":"Grazie all'esperienza e all'amore per questa razza, abbiamo creato l'allevamento Noble Crown che coltiva tutte le qualit\u00e0 del Cavalier King Charles Spaniel.","robots":{"index":"index","follow":"follow","max-snippet":"max-snippet:-1","max-image-preview":"max-image-preview:large","max-video-preview":"max-video-preview:-1"},"canonical":"https:\/\/noblecrownkennel.com\/it\/chi-siamo\/","og_locale":"it_IT","og_type":"article","og_title":"O nama","og_description":"Zbog iskustva i ljubavi ovoj rasi, stvorili smo Noble crown odgajiva\u010dnicu koja neguje sve kvalitete Kavalijer kralja \u010carlsa.","og_url":"https:\/\/noblecrownkennel.com\/it\/chi-siamo\/","og_site_name":"Noble Crown","article_publisher":"https:\/\/www.facebook.com\/noblecrownkennel","article_modified_time":"2025-11-12T21:05:57+00:00","og_image":[{"url":"https:\/\/noblecrownkennel.comwp-content\/uploads\/2019\/09\/divider_03.svg","type":"","width":"","height":""}],"twitter_card":"summary_large_image","twitter_misc":{"Tempo di lettura stimato":"2 minuti"},"schema":{"@context":"https:\/\/schema.org","@graph":[{"@type":"WebPage","@id":"https:\/\/noblecrownkennel.com\/o-nama\/","url":"https:\/\/noblecrownkennel.com\/o-nama\/","name":"Chi siamo - Noble Crown","isPartOf":{"@id":"https:\/\/noblecrownkennel.com\/#website"},"primaryImageOfPage":{"@id":"https:\/\/noblecrownkennel.com\/o-nama\/#primaryimage"},"image":{"@id":"https:\/\/noblecrownkennel.com\/o-nama\/#primaryimage"},"thumbnailUrl":"https:\/\/noblecrownkennel.comwp-content\/uploads\/2019\/09\/divider_03.svg","datePublished":"2019-09-25T06:43:35+00:00","dateModified":"2025-11-12T21:05:57+00:00","description":"Grazie all'esperienza e all'amore per questa razza, abbiamo creato l'allevamento Noble Crown che coltiva tutte le qualit\u00e0 del Cavalier King Charles Spaniel.","breadcrumb":{"@id":"https:\/\/noblecrownkennel.com\/o-nama\/#breadcrumb"},"inLanguage":"it-IT","potentialAction":[{"@type":"ReadAction","target":["https:\/\/noblecrownkennel.com\/o-nama\/"]}]},{"@type":"ImageObject","inLanguage":"it-IT","@id":"https:\/\/noblecrownkennel.com\/o-nama\/#primaryimage","url":"https:\/\/noblecrownkennel.comwp-content\/uploads\/2019\/09\/divider_03.svg","contentUrl":"https:\/\/noblecrownkennel.comwp-content\/uploads\/2019\/09\/divider_03.svg"},{"@type":"BreadcrumbList","@id":"https:\/\/noblecrownkennel.com\/o-nama\/#breadcrumb","itemListElement":[{"@type":"ListItem","position":1,"name":"Home","item":"https:\/\/noblecrownkennel.com\/"},{"@type":"ListItem","position":2,"name":"O nama"}]},{"@type":"WebSite","@id":"https:\/\/noblecrownkennel.com\/#website","url":"https:\/\/noblecrownkennel.com\/","name":"Noble Crown Kennel","description":"Allevamento di Cavalier King Charles Spaniel","publisher":{"@id":"https:\/\/noblecrownkennel.com\/#organization"},"potentialAction":[{"@type":"SearchAction","target":{"@type":"EntryPoint","urlTemplate":"https:\/\/noblecrownkennel.com\/?s={search_term_string}"},"query-input":{"@type":"PropertyValueSpecification","valueRequired":true,"valueName":"search_term_string"}}],"inLanguage":"it-IT"},{"@type":"Organization","@id":"https:\/\/noblecrownkennel.com\/#organization","name":"Allevamento Noble Crown di Cavalier King Charles Spaniel","url":"https:\/\/noblecrownkennel.com\/","logo":{"@type":"ImageObject","inLanguage":"it-IT","@id":"https:\/\/noblecrownkennel.com\/#\/schema\/logo\/image\/","url":"https:\/\/noblecrownkennel.com\/wp-content\/uploads\/2024\/06\/0-02-05-cdcdc5e320167c766baf36cd2d8b3512cfb89ad87e164b962eb3e754bc927ec6_ac1cf91cf9270f27.png","contentUrl":"https:\/\/noblecrownkennel.com\/wp-content\/uploads\/2024\/06\/0-02-05-cdcdc5e320167c766baf36cd2d8b3512cfb89ad87e164b962eb3e754bc927ec6_ac1cf91cf9270f27.png","width":500,"height":500,"caption":"Noble Crown odgajiva\u010dnica Kavalier \u0161panijela kralja \u010carlsa"},"image":{"@id":"https:\/\/noblecrownkennel.com\/#\/schema\/logo\/image\/"},"sameAs":["https:\/\/www.facebook.com\/noblecrownkennel","https:\/\/www.instagram.com\/noblecrownkennel\/"]}]}},"_links":{"self":[{"href":"https:\/\/noblecrownkennel.com\/it\/wp-json\/wp\/v2\/pages\/15","targetHints":{"allow":["GET"]}}],"collection":[{"href":"https:\/\/noblecrownkennel.com\/it\/wp-json\/wp\/v2\/pages"}],"about":[{"href":"https:\/\/noblecrownkennel.com\/it\/wp-json\/wp\/v2\/types\/page"}],"author":[{"embeddable":true,"href":"https:\/\/noblecrownkennel.com\/it\/wp-json\/wp\/v2\/users\/4"}],"replies":[{"embeddable":true,"href":"https:\/\/noblecrownkennel.com\/it\/wp-json\/wp\/v2\/comments?post=15"}],"version-history":[{"count":3,"href":"https:\/\/noblecrownkennel.com\/it\/wp-json\/wp\/v2\/pages\/15\/revisions"}],"predecessor-version":[{"id":7570,"href":"https:\/\/noblecrownkennel.com\/it\/wp-json\/wp\/v2\/pages\/15\/revisions\/7570"}],"wp:attachment":[{"href":"https:\/\/noblecrownkennel.com\/it\/wp-json\/wp\/v2\/media?parent=15"}],"curies":[{"name":"wp","href":"https:\/\/api.w.org\/{rel}","templated":true}]}}