{"id":68,"date":"2019-09-25T08:54:07","date_gmt":"2019-09-25T08:54:07","guid":{"rendered":"https:\/\/nala.swipeup.rs?page_id=68"},"modified":"2024-06-27T14:18:41","modified_gmt":"2024-06-27T14:18:41","slug":"kontakt","status":"publish","type":"page","link":"https:\/\/noblecrownkennel.com\/en\/contact\/","title":{"rendered":"Contact"},"content":{"rendered":"\t\t<div data-elementor-type=\"wp-page\" data-elementor-id=\"68\" class=\"elementor elementor-68\" data-elementor-post-type=\"page\">\n\t\t\t\t\t\t<section class=\"elementor-section elementor-top-section elementor-element elementor-element-8da9125 elementor-section-boxed elementor-section-height-default elementor-section-height-default\" data-id=\"8da9125\" data-element_type=\"section\" data-e-type=\"section\">\n\t\t\t\t\t\t<div class=\"elementor-container elementor-column-gap-no\">\n\t\t\t\t\t<div class=\"elementor-column elementor-col-100 elementor-top-column elementor-element elementor-element-0cb8a50\" data-id=\"0cb8a50\" data-element_type=\"column\" data-e-type=\"column\" data-settings=\"{&quot;background_background&quot;:&quot;classic&quot;}\">\n\t\t\t<div class=\"elementor-widget-wrap elementor-element-populated\">\n\t\t\t\t\t<div class=\"elementor-background-overlay\"><\/div>\n\t\t\t\t\t\t<div class=\"elementor-element elementor-element-50354ae elementor-widget elementor-widget-heading\" data-id=\"50354ae\" data-element_type=\"widget\" data-e-type=\"widget\" data-widget_type=\"heading.default\">\n\t\t\t\t<div class=\"elementor-widget-container\">\n\t\t\t\t\t<h1 class=\"elementor-heading-title elementor-size-default\">Kontakt<\/h1>\t\t\t\t<\/div>\n\t\t\t\t<\/div>\n\t\t\t\t<div class=\"elementor-element elementor-element-c82ce11 elementor-widget elementor-widget-image\" data-id=\"c82ce11\" data-element_type=\"widget\" data-e-type=\"widget\" data-widget_type=\"image.default\">\n\t\t\t\t<div class=\"elementor-widget-container\">\n\t\t\t\t\t\t\t\t\t\t\t\t\t\t\t<img decoding=\"async\" src=\"https:\/\/noblecrownkennel.comwp-content\/uploads\/2019\/09\/divider_03.svg\" title=\"\" alt=\"\" loading=\"lazy\" \/>\t\t\t\t\t\t\t\t\t\t\t\t\t\t\t<\/div>\n\t\t\t\t<\/div>\n\t\t\t\t<div class=\"elementor-element elementor-element-e0c0a62 elementor-widget elementor-widget-text-editor\" data-id=\"e0c0a62\" data-element_type=\"widget\" data-e-type=\"widget\" data-widget_type=\"text-editor.default\">\n\t\t\t\t<div class=\"elementor-widget-container\">\n\t\t\t\t\t\t\t\t\t<p>Imate li pitanja ili \u017eelite saznati vi\u0161e o na\u0161im kavalier \u0161panijelima? Kontaktirajte nas putem telefona ili emaila. Bi\u0107e nam zadovoljstvo da vam pomognemo!<\/p>\t\t\t\t\t\t\t\t<\/div>\n\t\t\t\t<\/div>\n\t\t\t\t\t<\/div>\n\t\t<\/div>\n\t\t\t\t\t<\/div>\n\t\t<\/section>\n\t\t\t\t<section class=\"elementor-section elementor-top-section elementor-element elementor-element-5e9b41ec elementor-section-boxed elementor-section-height-default elementor-section-height-default\" data-id=\"5e9b41ec\" data-element_type=\"section\" data-e-type=\"section\">\n\t\t\t\t\t\t<div class=\"elementor-container elementor-column-gap-no\">\n\t\t\t\t\t<div class=\"elementor-column elementor-col-100 elementor-top-column elementor-element elementor-element-3acf73b9\" data-id=\"3acf73b9\" data-element_type=\"column\" data-e-type=\"column\" data-settings=\"{&quot;background_background&quot;:&quot;classic&quot;}\">\n\t\t\t<div class=\"elementor-widget-wrap elementor-element-populated\">\n\t\t\t\t\t<div class=\"elementor-background-overlay\"><\/div>\n\t\t\t\t\t\t<section class=\"elementor-section elementor-inner-section elementor-element elementor-element-2ee4c430 elementor-section-boxed elementor-section-height-default elementor-section-height-default\" data-id=\"2ee4c430\" data-element_type=\"section\" data-e-type=\"section\">\n\t\t\t\t\t\t<div class=\"elementor-container elementor-column-gap-no\">\n\t\t\t\t\t<div class=\"elementor-column elementor-col-50 elementor-inner-column elementor-element elementor-element-6728f930\" data-id=\"6728f930\" data-element_type=\"column\" data-e-type=\"column\" data-settings=\"{&quot;background_background&quot;:&quot;classic&quot;}\">\n\t\t\t<div class=\"elementor-widget-wrap elementor-element-populated\">\n\t\t\t\t\t<div class=\"elementor-background-overlay\"><\/div>\n\t\t\t\t\t\t<div class=\"elementor-element elementor-element-378ab3c3 elementor-widget elementor-widget-heading\" data-id=\"378ab3c3\" data-element_type=\"widget\" data-e-type=\"widget\" data-widget_type=\"heading.default\">\n\t\t\t\t<div class=\"elementor-widget-container\">\n\t\t\t\t\t<h3 class=\"elementor-heading-title elementor-size-default\">Noble Crown<\/h3>\t\t\t\t<\/div>\n\t\t\t\t<\/div>\n\t\t\t\t<div class=\"elementor-element elementor-element-4315a20e elementor-widget elementor-widget-text-editor\" data-id=\"4315a20e\" data-element_type=\"widget\" data-e-type=\"widget\" data-widget_type=\"text-editor.default\">\n\t\t\t\t<div class=\"elementor-widget-container\">\n\t\t\t\t\t\t\t\t\t<p>Beograd, Srbija<br \/>TEL: +381 63 7554692<br \/>E-MAIL: info@noblecrownkennel.com<\/p>\t\t\t\t\t\t\t\t<\/div>\n\t\t\t\t<\/div>\n\t\t\t\t\t<\/div>\n\t\t<\/div>\n\t\t\t\t<div class=\"elementor-column elementor-col-50 elementor-inner-column elementor-element elementor-element-7e5309df\" data-id=\"7e5309df\" data-element_type=\"column\" data-e-type=\"column\">\n\t\t\t<div class=\"elementor-widget-wrap elementor-element-populated\">\n\t\t\t\t\t\t<div class=\"elementor-element elementor-element-60c967dd elementor-widget elementor-widget-image\" data-id=\"60c967dd\" data-element_type=\"widget\" data-e-type=\"widget\" data-widget_type=\"image.default\">\n\t\t\t\t<div class=\"elementor-widget-container\">\n\t\t\t\t\t\t\t\t\t\t\t\t\t\t\t<img fetchpriority=\"high\" decoding=\"async\" width=\"450\" height=\"450\" src=\"https:\/\/noblecrownkennel.com\/wp-content\/uploads\/2024\/06\/contact-holly.png\" class=\"attachment-full size-full wp-image-4005\" alt=\"\" srcset=\"https:\/\/noblecrownkennel.com\/wp-content\/uploads\/2024\/06\/contact-holly.png 450w, https:\/\/noblecrownkennel.com\/wp-content\/uploads\/2024\/06\/contact-holly-300x300.png 300w, https:\/\/noblecrownkennel.com\/wp-content\/uploads\/2024\/06\/contact-holly-150x150.png 150w, https:\/\/noblecrownkennel.com\/wp-content\/uploads\/2024\/06\/elementor\/thumbs\/contact-holly-150x150.png 900w\" sizes=\"(max-width: 450px) 100vw, 450px\" \/>\t\t\t\t\t\t\t\t\t\t\t\t\t\t\t<\/div>\n\t\t\t\t<\/div>\n\t\t\t\t\t<\/div>\n\t\t<\/div>\n\t\t\t\t\t<\/div>\n\t\t<\/section>\n\t\t\t\t\t<\/div>\n\t\t<\/div>\n\t\t\t\t\t<\/div>\n\t\t<\/section>\n\t\t\t\t<section class=\"elementor-section elementor-top-section elementor-element elementor-element-3ce8e069 elementor-section-boxed elementor-section-height-default elementor-section-height-default\" data-id=\"3ce8e069\" data-element_type=\"section\" data-e-type=\"section\">\n\t\t\t\t\t\t\t<div class=\"elementor-background-overlay\"><\/div>\n\t\t\t\t\t\t\t<div class=\"elementor-container elementor-column-gap-default\">\n\t\t\t\t\t<div class=\"elementor-column elementor-col-100 elementor-top-column elementor-element elementor-element-13fbc999\" data-id=\"13fbc999\" data-element_type=\"column\" data-e-type=\"column\" data-settings=\"{&quot;background_background&quot;:&quot;classic&quot;}\">\n\t\t\t<div class=\"elementor-widget-wrap elementor-element-populated\">\n\t\t\t\t\t<div class=\"elementor-background-overlay\"><\/div>\n\t\t\t\t\t\t<div class=\"elementor-element elementor-element-3209d79e elementor-widget elementor-widget-heading\" data-id=\"3209d79e\" data-element_type=\"widget\" data-e-type=\"widget\" data-widget_type=\"heading.default\">\n\t\t\t\t<div class=\"elementor-widget-container\">\n\t\t\t\t\t<h3 class=\"elementor-heading-title elementor-size-default\">Imate neko pitanje?<\/h3>\t\t\t\t<\/div>\n\t\t\t\t<\/div>\n\t\t\t\t<div class=\"elementor-element elementor-element-2860a518 elementor-widget elementor-widget-text-editor\" data-id=\"2860a518\" data-element_type=\"widget\" data-e-type=\"widget\" data-widget_type=\"text-editor.default\">\n\t\t\t\t<div class=\"elementor-widget-container\">\n\t\t\t\t\t\t\t\t\t<p>Radujemo se \u0161to \u0107emo vam pomo\u0107i da prona\u0111ete savr\u0161enog ljubimca!<\/p>\t\t\t\t\t\t\t\t<\/div>\n\t\t\t\t<\/div>\n\t\t\t\t<div class=\"elementor-element elementor-element-6d03211 elementor-widget elementor-widget-wpforms\" data-id=\"6d03211\" data-element_type=\"widget\" data-e-type=\"widget\" data-widget_type=\"wpforms.default\">\n\t\t\t\t<div class=\"elementor-widget-container\">\n\t\t\t\t\t<div class=\"wpforms-container wpforms-container-full\" id=\"wpforms-73\"><form id=\"wpforms-form-73\" class=\"wpforms-validate wpforms-form\" data-formid=\"73\" method=\"post\" enctype=\"multipart\/form-data\" action=\"\/en\/wp-json\/wp\/v2\/pages\/68\" data-token=\"dc1d9a8eb06a5bae5b85dcc0700d5067\" data-token-time=\"1776417614\"><noscript class=\"wpforms-error-noscript\">Please enable JavaScript in your browser to complete this form.<\/noscript><div class=\"wpforms-field-container\"><div id=\"wpforms-73-field_0-container\" class=\"wpforms-field wpforms-field-name\" data-field-id=\"0\"><label class=\"wpforms-field-label\" for=\"wpforms-73-field_0\">Ime i prezime <span class=\"wpforms-required-label\">*<\/span><\/label><input type=\"text\" id=\"wpforms-73-field_0\" class=\"wpforms-field-medium wpforms-field-required\" name=\"wpforms[fields][0]\" required><\/div><div id=\"wpforms-73-field_4-container\" class=\"wpforms-field wpforms-field-text\" data-field-id=\"4\"><label class=\"wpforms-field-label\" for=\"wpforms-73-field_4\">Telefon<\/label><input type=\"text\" id=\"wpforms-73-field_4\" class=\"wpforms-field-medium\" name=\"wpforms[fields][4]\" ><\/div><div id=\"wpforms-73-field_1-container\" class=\"wpforms-field wpforms-field-email\" data-field-id=\"1\"><label class=\"wpforms-field-label\" for=\"wpforms-73-field_1\">E-mail <span class=\"wpforms-required-label\">*<\/span><\/label><input type=\"email\" id=\"wpforms-73-field_1\" class=\"wpforms-field-medium wpforms-field-required\" name=\"wpforms[fields][1]\" spellcheck=\"false\" required><\/div><div id=\"wpforms-73-field_2-container\" class=\"wpforms-field wpforms-field-textarea\" data-field-id=\"2\"><label class=\"wpforms-field-label\" for=\"wpforms-73-field_2\">Poruka <span class=\"wpforms-required-label\">*<\/span><\/label><textarea id=\"wpforms-73-field_2\" class=\"wpforms-field-medium wpforms-field-required\" name=\"wpforms[fields][2]\" required><\/textarea><\/div><\/div><!-- .wpforms-field-container --><div class=\"wpforms-field wpforms-field-hp\"><label for=\"wpforms-73-field-hp\" class=\"wpforms-field-label\">Message<\/label><input type=\"text\" name=\"wpforms[hp]\" id=\"wpforms-73-field-hp\" class=\"wpforms-field-medium\"><\/div><div class=\"wpforms-recaptcha-container wpforms-is-recaptcha wpforms-is-recaptcha-type-v3\" ><input type=\"hidden\" name=\"wpforms[recaptcha]\" value=\"\"><\/div><div class=\"wpforms-submit-container\" ><input type=\"hidden\" name=\"wpforms[id]\" value=\"73\"><input type=\"hidden\" name=\"page_title\" value=\"\"><input type=\"hidden\" name=\"page_url\" value=\"https:\/\/noblecrownkennel.com\/en\/wp-json\/wp\/v2\/pages\/68\"><input type=\"hidden\" name=\"url_referer\" value=\"\"><button type=\"submit\" name=\"wpforms[submit]\" id=\"wpforms-submit-73\" class=\"wpforms-submit button\" data-alt-text=\"\u0160alje se...\" data-submit-text=\"Po\u0161alji\" aria-live=\"assertive\" value=\"wpforms-submit\">Po\u0161alji<\/button><\/div><\/form><\/div>  <!-- .wpforms-container -->\t\t\t\t<\/div>\n\t\t\t\t<\/div>\n\t\t\t\t\t<\/div>\n\t\t<\/div>\n\t\t\t\t\t<\/div>\n\t\t<\/section>\n\t\t\t\t<section class=\"elementor-section elementor-top-section elementor-element elementor-element-50dfbb1f elementor-section-full_width elementor-section-height-default elementor-section-height-default\" data-id=\"50dfbb1f\" data-element_type=\"section\" data-e-type=\"section\" data-settings=\"{&quot;shape_divider_top&quot;:&quot;tilt&quot;}\">\n\t\t\t\t\t<div class=\"elementor-shape elementor-shape-top\" aria-hidden=\"true\" data-negative=\"false\">\n\t\t\t<svg xmlns=\"http:\/\/www.w3.org\/2000\/svg\" viewBox=\"0 0 1000 100\" preserveAspectRatio=\"none\">\n\t<path class=\"elementor-shape-fill\" d=\"M0,6V0h1000v100L0,6z\"\/>\n<\/svg>\t\t<\/div>\n\t\t\t\t\t<div class=\"elementor-container elementor-column-gap-no\">\n\t\t\t\t\t<div class=\"elementor-column elementor-col-100 elementor-top-column elementor-element elementor-element-c6be63a\" data-id=\"c6be63a\" data-element_type=\"column\" data-e-type=\"column\">\n\t\t\t<div class=\"elementor-widget-wrap elementor-element-populated\">\n\t\t\t\t\t\t<div class=\"elementor-element elementor-element-1d966357 elementor-widget elementor-widget-google_maps\" data-id=\"1d966357\" data-element_type=\"widget\" data-e-type=\"widget\" data-widget_type=\"google_maps.default\">\n\t\t\t\t<div class=\"elementor-widget-container\">\n\t\t\t\t\t\t\t<div class=\"elementor-custom-embed\">\n\t\t\t<iframe loading=\"lazy\"\n\t\t\t\t\tsrc=\"https:\/\/maps.google.com\/maps?q=Belgrade&#038;t=m&#038;z=10&#038;output=embed&#038;iwloc=near\"\n\t\t\t\t\ttitle=\"Belgrade\"\n\t\t\t\t\taria-label=\"Belgrade\"\n\t\t\t><\/iframe>\n\t\t<\/div>\n\t\t\t\t\t\t<\/div>\n\t\t\t\t<\/div>\n\t\t\t\t\t<\/div>\n\t\t<\/div>\n\t\t\t\t\t<\/div>\n\t\t<\/section>\n\t\t\t\t<\/div>\n\t\t","protected":false},"excerpt":{"rendered":"<p>Kontakt Imate li pitanja ili \u017eelite saznati vi\u0161e o na\u0161im kavalier \u0161panijelima? Kontaktirajte nas putem telefona ili emaila. Bi\u0107e nam zadovoljstvo da vam pomognemo! Noble Crown Beograd, SrbijaTEL: +381 63 7554692E-MAIL: info@noblecrownkennel.com Imate neko pitanje? Radujemo se \u0161to \u0107emo vam pomo\u0107i da prona\u0111ete savr\u0161enog ljubimca! Please enable JavaScript in your browser to complete this form.Ime [&hellip;]<\/p>\n","protected":false},"author":4,"featured_media":0,"parent":0,"menu_order":0,"comment_status":"closed","ping_status":"closed","template":"template-blank.php","meta":{"inline_featured_image":false,"_monsterinsights_skip_tracking":false,"_monsterinsights_sitenote_active":false,"_monsterinsights_sitenote_note":"","_monsterinsights_sitenote_category":0,"_uf_show_specific_survey":0,"_uf_disable_surveys":false,"footnotes":""},"class_list":["post-68","page","type-page","status-publish","hentry"],"yoast_head":"<!-- This site is optimized with the Yoast SEO Premium plugin v22.8 (Yoast SEO v27.3) - https:\/\/yoast.com\/product\/yoast-seo-premium-wordpress\/ -->\n<title>Kontakt - Noble Crown<\/title>\n<meta name=\"description\" content=\"Ukoliko imate pitanja, kontaktirajte na\u0161u odgajiva\u010dnicu kavalier \u0161panijela i o\u010dekujte brz i detaljan odgovor.\" \/>\n<meta name=\"robots\" content=\"index, follow, max-snippet:-1, max-image-preview:large, max-video-preview:-1\" \/>\n<link rel=\"canonical\" href=\"https:\/\/noblecrownkennel.com\/en\/contact\/\" \/>\n<meta property=\"og:locale\" content=\"en_US\" \/>\n<meta property=\"og:type\" content=\"article\" \/>\n<meta property=\"og:title\" content=\"Kontakt\" \/>\n<meta property=\"og:description\" content=\"Ukoliko imate pitanja, kontaktirajte na\u0161u odgajiva\u010dnicu kavalier \u0161panijela i o\u010dekujte brz i detaljan odgovor.\" \/>\n<meta property=\"og:url\" content=\"https:\/\/noblecrownkennel.com\/en\/contact\/\" \/>\n<meta property=\"og:site_name\" content=\"Noble Crown\" \/>\n<meta property=\"article:publisher\" content=\"https:\/\/www.facebook.com\/noblecrownkennel\" \/>\n<meta property=\"article:modified_time\" content=\"2024-06-27T14:18:41+00:00\" \/>\n<meta property=\"og:image\" content=\"https:\/\/noblecrownkennel.comwp-content\/uploads\/2019\/09\/divider_03.svg\" \/>\n<meta name=\"twitter:card\" content=\"summary_large_image\" \/>\n<meta name=\"twitter:label1\" content=\"Est. reading time\" \/>\n\t<meta name=\"twitter:data1\" content=\"1 minute\" \/>\n<script type=\"application\/ld+json\" class=\"yoast-schema-graph\">{\"@context\":\"https:\\\/\\\/schema.org\",\"@graph\":[{\"@type\":\"WebPage\",\"@id\":\"https:\\\/\\\/noblecrownkennel.com\\\/kontakt\\\/\",\"url\":\"https:\\\/\\\/noblecrownkennel.com\\\/kontakt\\\/\",\"name\":\"Kontakt - Noble Crown\",\"isPartOf\":{\"@id\":\"https:\\\/\\\/noblecrownkennel.com\\\/#website\"},\"primaryImageOfPage\":{\"@id\":\"https:\\\/\\\/noblecrownkennel.com\\\/kontakt\\\/#primaryimage\"},\"image\":{\"@id\":\"https:\\\/\\\/noblecrownkennel.com\\\/kontakt\\\/#primaryimage\"},\"thumbnailUrl\":\"https:\\\/\\\/noblecrownkennel.comwp-content\\\/uploads\\\/2019\\\/09\\\/divider_03.svg\",\"datePublished\":\"2019-09-25T08:54:07+00:00\",\"dateModified\":\"2024-06-27T14:18:41+00:00\",\"description\":\"Ukoliko imate pitanja, kontaktirajte na\u0161u odgajiva\u010dnicu kavalier \u0161panijela i o\u010dekujte brz i detaljan odgovor.\",\"breadcrumb\":{\"@id\":\"https:\\\/\\\/noblecrownkennel.com\\\/kontakt\\\/#breadcrumb\"},\"inLanguage\":\"en-US\",\"potentialAction\":[{\"@type\":\"ReadAction\",\"target\":[\"https:\\\/\\\/noblecrownkennel.com\\\/kontakt\\\/\"]}]},{\"@type\":\"ImageObject\",\"inLanguage\":\"en-US\",\"@id\":\"https:\\\/\\\/noblecrownkennel.com\\\/kontakt\\\/#primaryimage\",\"url\":\"https:\\\/\\\/noblecrownkennel.comwp-content\\\/uploads\\\/2019\\\/09\\\/divider_03.svg\",\"contentUrl\":\"https:\\\/\\\/noblecrownkennel.comwp-content\\\/uploads\\\/2019\\\/09\\\/divider_03.svg\"},{\"@type\":\"BreadcrumbList\",\"@id\":\"https:\\\/\\\/noblecrownkennel.com\\\/kontakt\\\/#breadcrumb\",\"itemListElement\":[{\"@type\":\"ListItem\",\"position\":1,\"name\":\"Home\",\"item\":\"https:\\\/\\\/noblecrownkennel.com\\\/\"},{\"@type\":\"ListItem\",\"position\":2,\"name\":\"Kontakt\"}]},{\"@type\":\"WebSite\",\"@id\":\"https:\\\/\\\/noblecrownkennel.com\\\/#website\",\"url\":\"https:\\\/\\\/noblecrownkennel.com\\\/\",\"name\":\"Noble Crown Kennel\",\"description\":\"odgajiva\u010dnica Kavalier \u0161panijela kralja \u010carlsa\",\"publisher\":{\"@id\":\"https:\\\/\\\/noblecrownkennel.com\\\/#organization\"},\"potentialAction\":[{\"@type\":\"SearchAction\",\"target\":{\"@type\":\"EntryPoint\",\"urlTemplate\":\"https:\\\/\\\/noblecrownkennel.com\\\/?s={search_term_string}\"},\"query-input\":{\"@type\":\"PropertyValueSpecification\",\"valueRequired\":true,\"valueName\":\"search_term_string\"}}],\"inLanguage\":\"en-US\"},{\"@type\":\"Organization\",\"@id\":\"https:\\\/\\\/noblecrownkennel.com\\\/#organization\",\"name\":\"Noble Crown odgajiva\u010dnica Kavalier \u0161panijela kralja \u010carlsa\",\"url\":\"https:\\\/\\\/noblecrownkennel.com\\\/\",\"logo\":{\"@type\":\"ImageObject\",\"inLanguage\":\"en-US\",\"@id\":\"https:\\\/\\\/noblecrownkennel.com\\\/#\\\/schema\\\/logo\\\/image\\\/\",\"url\":\"https:\\\/\\\/noblecrownkennel.com\\\/wp-content\\\/uploads\\\/2024\\\/06\\\/0-02-05-cdcdc5e320167c766baf36cd2d8b3512cfb89ad87e164b962eb3e754bc927ec6_ac1cf91cf9270f27.png\",\"contentUrl\":\"https:\\\/\\\/noblecrownkennel.com\\\/wp-content\\\/uploads\\\/2024\\\/06\\\/0-02-05-cdcdc5e320167c766baf36cd2d8b3512cfb89ad87e164b962eb3e754bc927ec6_ac1cf91cf9270f27.png\",\"width\":500,\"height\":500,\"caption\":\"Noble Crown odgajiva\u010dnica Kavalier \u0161panijela kralja \u010carlsa\"},\"image\":{\"@id\":\"https:\\\/\\\/noblecrownkennel.com\\\/#\\\/schema\\\/logo\\\/image\\\/\"},\"sameAs\":[\"https:\\\/\\\/www.facebook.com\\\/noblecrownkennel\",\"https:\\\/\\\/www.instagram.com\\\/noblecrownkennel\\\/\"]}]}<\/script>\n<!-- \/ Yoast SEO Premium plugin. -->","yoast_head_json":{"title":"Contact - Noble Crown","description":"If you have any questions, contact our Cavalier King Charles Spaniel kennel and expect a prompt and detailed response.","robots":{"index":"index","follow":"follow","max-snippet":"max-snippet:-1","max-image-preview":"max-image-preview:large","max-video-preview":"max-video-preview:-1"},"canonical":"https:\/\/noblecrownkennel.com\/en\/contact\/","og_locale":"en_US","og_type":"article","og_title":"Kontakt","og_description":"Ukoliko imate pitanja, kontaktirajte na\u0161u odgajiva\u010dnicu kavalier \u0161panijela i o\u010dekujte brz i detaljan odgovor.","og_url":"https:\/\/noblecrownkennel.com\/en\/contact\/","og_site_name":"Noble Crown","article_publisher":"https:\/\/www.facebook.com\/noblecrownkennel","article_modified_time":"2024-06-27T14:18:41+00:00","og_image":[{"url":"https:\/\/noblecrownkennel.comwp-content\/uploads\/2019\/09\/divider_03.svg","type":"","width":"","height":""}],"twitter_card":"summary_large_image","twitter_misc":{"Est. reading time":"1 minute"},"schema":{"@context":"https:\/\/schema.org","@graph":[{"@type":"WebPage","@id":"https:\/\/noblecrownkennel.com\/kontakt\/","url":"https:\/\/noblecrownkennel.com\/kontakt\/","name":"Contact - Noble Crown","isPartOf":{"@id":"https:\/\/noblecrownkennel.com\/#website"},"primaryImageOfPage":{"@id":"https:\/\/noblecrownkennel.com\/kontakt\/#primaryimage"},"image":{"@id":"https:\/\/noblecrownkennel.com\/kontakt\/#primaryimage"},"thumbnailUrl":"https:\/\/noblecrownkennel.comwp-content\/uploads\/2019\/09\/divider_03.svg","datePublished":"2019-09-25T08:54:07+00:00","dateModified":"2024-06-27T14:18:41+00:00","description":"If you have any questions, contact our Cavalier King Charles Spaniel kennel and expect a prompt and detailed response.","breadcrumb":{"@id":"https:\/\/noblecrownkennel.com\/kontakt\/#breadcrumb"},"inLanguage":"en-US","potentialAction":[{"@type":"ReadAction","target":["https:\/\/noblecrownkennel.com\/kontakt\/"]}]},{"@type":"ImageObject","inLanguage":"en-US","@id":"https:\/\/noblecrownkennel.com\/kontakt\/#primaryimage","url":"https:\/\/noblecrownkennel.comwp-content\/uploads\/2019\/09\/divider_03.svg","contentUrl":"https:\/\/noblecrownkennel.comwp-content\/uploads\/2019\/09\/divider_03.svg"},{"@type":"BreadcrumbList","@id":"https:\/\/noblecrownkennel.com\/kontakt\/#breadcrumb","itemListElement":[{"@type":"ListItem","position":1,"name":"Home","item":"https:\/\/noblecrownkennel.com\/"},{"@type":"ListItem","position":2,"name":"Kontakt"}]},{"@type":"WebSite","@id":"https:\/\/noblecrownkennel.com\/#website","url":"https:\/\/noblecrownkennel.com\/","name":"Noble Crown Kennel","description":"Cavalier King Charles Spaniel Breeding Kennel","publisher":{"@id":"https:\/\/noblecrownkennel.com\/#organization"},"potentialAction":[{"@type":"SearchAction","target":{"@type":"EntryPoint","urlTemplate":"https:\/\/noblecrownkennel.com\/?s={search_term_string}"},"query-input":{"@type":"PropertyValueSpecification","valueRequired":true,"valueName":"search_term_string"}}],"inLanguage":"en-US"},{"@type":"Organization","@id":"https:\/\/noblecrownkennel.com\/#organization","name":"Noble Crown Kennel of King Charles Cavalier Spaniels","url":"https:\/\/noblecrownkennel.com\/","logo":{"@type":"ImageObject","inLanguage":"en-US","@id":"https:\/\/noblecrownkennel.com\/#\/schema\/logo\/image\/","url":"https:\/\/noblecrownkennel.com\/wp-content\/uploads\/2024\/06\/0-02-05-cdcdc5e320167c766baf36cd2d8b3512cfb89ad87e164b962eb3e754bc927ec6_ac1cf91cf9270f27.png","contentUrl":"https:\/\/noblecrownkennel.com\/wp-content\/uploads\/2024\/06\/0-02-05-cdcdc5e320167c766baf36cd2d8b3512cfb89ad87e164b962eb3e754bc927ec6_ac1cf91cf9270f27.png","width":500,"height":500,"caption":"Noble Crown odgajiva\u010dnica Kavalier \u0161panijela kralja \u010carlsa"},"image":{"@id":"https:\/\/noblecrownkennel.com\/#\/schema\/logo\/image\/"},"sameAs":["https:\/\/www.facebook.com\/noblecrownkennel","https:\/\/www.instagram.com\/noblecrownkennel\/"]}]}},"_links":{"self":[{"href":"https:\/\/noblecrownkennel.com\/en\/wp-json\/wp\/v2\/pages\/68","targetHints":{"allow":["GET"]}}],"collection":[{"href":"https:\/\/noblecrownkennel.com\/en\/wp-json\/wp\/v2\/pages"}],"about":[{"href":"https:\/\/noblecrownkennel.com\/en\/wp-json\/wp\/v2\/types\/page"}],"author":[{"embeddable":true,"href":"https:\/\/noblecrownkennel.com\/en\/wp-json\/wp\/v2\/users\/4"}],"replies":[{"embeddable":true,"href":"https:\/\/noblecrownkennel.com\/en\/wp-json\/wp\/v2\/comments?post=68"}],"version-history":[{"count":0,"href":"https:\/\/noblecrownkennel.com\/en\/wp-json\/wp\/v2\/pages\/68\/revisions"}],"wp:attachment":[{"href":"https:\/\/noblecrownkennel.com\/en\/wp-json\/wp\/v2\/media?parent=68"}],"curies":[{"name":"wp","href":"https:\/\/api.w.org\/{rel}","templated":true}]}}