{"id":2567,"date":"2022-04-03T10:03:04","date_gmt":"2022-04-03T10:03:04","guid":{"rendered":"https:\/\/nala.swipeup.rs\/?page_id=2567"},"modified":"2024-06-10T17:46:48","modified_gmt":"2024-06-10T17:46:48","slug":"faq","status":"publish","type":"page","link":"https:\/\/noblecrownkennel.com\/en\/faq\/","title":{"rendered":"FAQ"},"content":{"rendered":"<div data-elementor-type=\"wp-page\" data-elementor-id=\"2567\" class=\"elementor elementor-2567\" data-elementor-post-type=\"page\">\n\t\t\t\t\t\t<section class=\"elementor-section elementor-top-section elementor-element elementor-element-19d6a58 elementor-section-boxed elementor-section-height-default elementor-section-height-default\" data-id=\"19d6a58\" data-element_type=\"section\" data-e-type=\"section\">\n\t\t\t\t\t\t<div class=\"elementor-container elementor-column-gap-no\">\n\t\t\t\t\t<div class=\"elementor-column elementor-col-100 elementor-top-column elementor-element elementor-element-67573cc\" data-id=\"67573cc\" data-element_type=\"column\" data-e-type=\"column\" data-settings=\"{&quot;background_background&quot;:&quot;classic&quot;}\">\n\t\t\t<div class=\"elementor-widget-wrap elementor-element-populated\">\n\t\t\t\t\t<div class=\"elementor-background-overlay\"><\/div>\n\t\t\t\t\t\t<div class=\"elementor-element elementor-element-8c82f67 elementor-widget elementor-widget-heading\" data-id=\"8c82f67\" data-element_type=\"widget\" data-e-type=\"widget\" data-widget_type=\"heading.default\">\n\t\t\t\t<div class=\"elementor-widget-container\">\n\t\t\t\t\t<h1 class=\"elementor-heading-title elementor-size-default\">FAQ<\/h1>\t\t\t\t<\/div>\n\t\t\t\t<\/div>\n\t\t\t\t<div class=\"elementor-element elementor-element-8353c7c elementor-widget elementor-widget-image\" data-id=\"8353c7c\" data-element_type=\"widget\" data-e-type=\"widget\" data-widget_type=\"image.default\">\n\t\t\t\t<div class=\"elementor-widget-container\">\n\t\t\t\t\t\t\t\t\t\t\t\t\t\t\t<img decoding=\"async\" src=\"https:\/\/noblecrownkennel.com\/wp-content\/uploads\/2019\/09\/divider_03.svg\" title=\"\" alt=\"\" loading=\"lazy\" \/>\t\t\t\t\t\t\t\t\t\t\t\t\t\t\t<\/div>\n\t\t\t\t<\/div>\n\t\t\t\t<div class=\"elementor-element elementor-element-2cb4997 elementor-widget elementor-widget-text-editor\" data-id=\"2cb4997\" data-element_type=\"widget\" data-e-type=\"widget\" data-widget_type=\"text-editor.default\">\n\t\t\t\t<div class=\"elementor-widget-container\">\n\t\t\t\t\t\t\t\t\t<p>Frequently Asked Questions from Those Interested in This Breed.<\/p>\t\t\t\t\t\t\t\t<\/div>\n\t\t\t\t<\/div>\n\t\t\t\t\t<\/div>\n\t\t<\/div>\n\t\t\t\t\t<\/div>\n\t\t<\/section>\n\t\t\t\t<section class=\"elementor-section elementor-top-section elementor-element elementor-element-6453d89 elementor-section-boxed elementor-section-height-default elementor-section-height-default\" data-id=\"6453d89\" data-element_type=\"section\" data-e-type=\"section\">\n\t\t\t\t\t\t<div class=\"elementor-container elementor-column-gap-no\">\n\t\t\t\t\t<div class=\"elementor-column elementor-col-100 elementor-top-column elementor-element elementor-element-6da20931\" data-id=\"6da20931\" data-element_type=\"column\" data-e-type=\"column\">\n\t\t\t<div class=\"elementor-widget-wrap elementor-element-populated\">\n\t\t\t\t\t\t<div class=\"elementor-element elementor-element-3a089049 elementor-widget elementor-widget-heading\" data-id=\"3a089049\" data-element_type=\"widget\" data-e-type=\"widget\" data-widget_type=\"heading.default\">\n\t\t\t\t<div class=\"elementor-widget-container\">\n\t\t\t\t\t<h3 class=\"elementor-heading-title elementor-size-default\">What are the main health issues in King Charles Cavalier Spaniels?<\/h3>\t\t\t\t<\/div>\n\t\t\t\t<\/div>\n\t\t\t\t<div class=\"elementor-element elementor-element-306da8b7 elementor-widget elementor-widget-text-editor\" data-id=\"306da8b7\" data-element_type=\"widget\" data-e-type=\"widget\" data-widget_type=\"text-editor.default\">\n\t\t\t\t<div class=\"elementor-widget-container\">\n\t\t\t\t\t\t\t\t\t<p>King Charles Cavalier Spaniels are prone to certain health issues, including mitral valve disease, Episodic Falling syndrome, dry eye and curly coat syndrome, patellar luxation, and ear infections.<\/p><p>Regular veterinary check-ups help monitor your dog's health. All our dogs are genetically tested for the most common diseases specific to this breed and undergo comprehensive health examinations before each breeding.<\/p>\t\t\t\t\t\t\t\t<\/div>\n\t\t\t\t<\/div>\n\t\t\t\t<div class=\"elementor-element elementor-element-71b6728d elementor-widget-divider--view-line_icon elementor-view-default elementor-widget-divider--element-align-center elementor-widget elementor-widget-divider\" data-id=\"71b6728d\" data-element_type=\"widget\" data-e-type=\"widget\" data-widget_type=\"divider.default\">\n\t\t\t\t<div class=\"elementor-widget-container\">\n\t\t\t\t\t\t\t<div class=\"elementor-divider\">\n\t\t\t<span class=\"elementor-divider-separator\">\n\t\t\t\t\t\t\t<div class=\"elementor-icon elementor-divider__element\">\n\t\t\t\t\t<i aria-hidden=\"true\" class=\"fas fa-ellipsis-h\"><\/i><\/div>\n\t\t\t\t\t\t<\/span>\n\t\t<\/div>\n\t\t\t\t\t\t<\/div>\n\t\t\t\t<\/div>\n\t\t\t\t<div class=\"elementor-element elementor-element-5cfcfc43 elementor-widget elementor-widget-heading\" data-id=\"5cfcfc43\" data-element_type=\"widget\" data-e-type=\"widget\" data-widget_type=\"heading.default\">\n\t\t\t\t<div class=\"elementor-widget-container\">\n\t\t\t\t\t<h3 class=\"elementor-heading-title elementor-size-default\">How much exercise does a King Charles Cavalier Spaniel need?<\/h3>\t\t\t\t<\/div>\n\t\t\t\t<\/div>\n\t\t\t\t<div class=\"elementor-element elementor-element-693dd8ac elementor-widget elementor-widget-text-editor\" data-id=\"693dd8ac\" data-element_type=\"widget\" data-e-type=\"widget\" data-widget_type=\"text-editor.default\">\n\t\t\t\t<div class=\"elementor-widget-container\">\n\t\t\t\t\t\t\t\t\t<p>Cavaliers are moderately active dogs and require daily exercise to stay healthy and happy. A minimum of 30 minutes to an hour of walking, along with playtime, is usually sufficient. They also enjoy activities such as fetch, agility, and obedience training.<\/p>\t\t\t\t\t\t\t\t<\/div>\n\t\t\t\t<\/div>\n\t\t\t\t<div class=\"elementor-element elementor-element-36c63123 elementor-widget-divider--view-line_icon elementor-view-default elementor-widget-divider--element-align-center elementor-widget elementor-widget-divider\" data-id=\"36c63123\" data-element_type=\"widget\" data-e-type=\"widget\" data-widget_type=\"divider.default\">\n\t\t\t\t<div class=\"elementor-widget-container\">\n\t\t\t\t\t\t\t<div class=\"elementor-divider\">\n\t\t\t<span class=\"elementor-divider-separator\">\n\t\t\t\t\t\t\t<div class=\"elementor-icon elementor-divider__element\">\n\t\t\t\t\t<i aria-hidden=\"true\" class=\"fas fa-ellipsis-h\"><\/i><\/div>\n\t\t\t\t\t\t<\/span>\n\t\t<\/div>\n\t\t\t\t\t\t<\/div>\n\t\t\t\t<\/div>\n\t\t\t\t<div class=\"elementor-element elementor-element-5edf5001 elementor-widget elementor-widget-heading\" data-id=\"5edf5001\" data-element_type=\"widget\" data-e-type=\"widget\" data-widget_type=\"heading.default\">\n\t\t\t\t<div class=\"elementor-widget-container\">\n\t\t\t\t\t<h3 class=\"elementor-heading-title elementor-size-default\">What is the temperament of a Cavalier Spaniel?<\/h3>\t\t\t\t<\/div>\n\t\t\t\t<\/div>\n\t\t\t\t<div class=\"elementor-element elementor-element-459e6551 elementor-widget elementor-widget-text-editor\" data-id=\"459e6551\" data-element_type=\"widget\" data-e-type=\"widget\" data-widget_type=\"text-editor.default\">\n\t\t\t\t<div class=\"elementor-widget-container\">\n\t\t\t\t\t\t\t\t\t<p>King Charles Cavalier Spaniels are known for their affectionate, friendly, and social nature. They are great with children and other pets, making them excellent family dogs. They enjoy human companionship and can suffer from separation anxiety if left alone for extended periods.<\/p>\t\t\t\t\t\t\t\t<\/div>\n\t\t\t\t<\/div>\n\t\t\t\t<div class=\"elementor-element elementor-element-492304da elementor-widget-divider--view-line_icon elementor-view-default elementor-widget-divider--element-align-center elementor-widget elementor-widget-divider\" data-id=\"492304da\" data-element_type=\"widget\" data-e-type=\"widget\" data-widget_type=\"divider.default\">\n\t\t\t\t<div class=\"elementor-widget-container\">\n\t\t\t\t\t\t\t<div class=\"elementor-divider\">\n\t\t\t<span class=\"elementor-divider-separator\">\n\t\t\t\t\t\t\t<div class=\"elementor-icon elementor-divider__element\">\n\t\t\t\t\t<i aria-hidden=\"true\" class=\"fas fa-ellipsis-h\"><\/i><\/div>\n\t\t\t\t\t\t<\/span>\n\t\t<\/div>\n\t\t\t\t\t\t<\/div>\n\t\t\t\t<\/div>\n\t\t\t\t<div class=\"elementor-element elementor-element-34586e19 elementor-widget elementor-widget-heading\" data-id=\"34586e19\" data-element_type=\"widget\" data-e-type=\"widget\" data-widget_type=\"heading.default\">\n\t\t\t\t<div class=\"elementor-widget-container\">\n\t\t\t\t\t<h3 class=\"elementor-heading-title elementor-size-default\">How often should King Charles Cavalier Spaniels be groomed?<\/h3>\t\t\t\t<\/div>\n\t\t\t\t<\/div>\n\t\t\t\t<div class=\"elementor-element elementor-element-7e89c717 elementor-widget elementor-widget-text-editor\" data-id=\"7e89c717\" data-element_type=\"widget\" data-e-type=\"widget\" data-widget_type=\"text-editor.default\">\n\t\t\t\t<div class=\"elementor-widget-container\">\n\t\t\t\t\t\t\t\t\t<p>Cavaliers have silky, medium-length coats that require regular grooming. It is recommended to brush them two to three times a week to prevent matting and tangling. They also need regular ear cleaning, nail trimming, and occasional baths. Professional grooming every 6-8 weeks can help keep them looking their best.<\/p>\t\t\t\t\t\t\t\t<\/div>\n\t\t\t\t<\/div>\n\t\t\t\t<div class=\"elementor-element elementor-element-7a6100e elementor-widget-divider--view-line_icon elementor-view-default elementor-widget-divider--element-align-center elementor-widget elementor-widget-divider\" data-id=\"7a6100e\" data-element_type=\"widget\" data-e-type=\"widget\" data-widget_type=\"divider.default\">\n\t\t\t\t<div class=\"elementor-widget-container\">\n\t\t\t\t\t\t\t<div class=\"elementor-divider\">\n\t\t\t<span class=\"elementor-divider-separator\">\n\t\t\t\t\t\t\t<div class=\"elementor-icon elementor-divider__element\">\n\t\t\t\t\t<i aria-hidden=\"true\" class=\"fas fa-ellipsis-h\"><\/i><\/div>\n\t\t\t\t\t\t<\/span>\n\t\t<\/div>\n\t\t\t\t\t\t<\/div>\n\t\t\t\t<\/div>\n\t\t\t\t<div class=\"elementor-element elementor-element-69cfba99 elementor-widget elementor-widget-heading\" data-id=\"69cfba99\" data-element_type=\"widget\" data-e-type=\"widget\" data-widget_type=\"heading.default\">\n\t\t\t\t<div class=\"elementor-widget-container\">\n\t\t\t\t\t<h3 class=\"elementor-heading-title elementor-size-default\">What should I feed my King Charles Cavalier Spaniel?<\/h3>\t\t\t\t<\/div>\n\t\t\t\t<\/div>\n\t\t\t\t<div class=\"elementor-element elementor-element-2e57fb61 elementor-widget elementor-widget-text-editor\" data-id=\"2e57fb61\" data-element_type=\"widget\" data-e-type=\"widget\" data-widget_type=\"text-editor.default\">\n\t\t\t\t<div class=\"elementor-widget-container\">\n\t\t\t\t\t\t\t\t\t<p>A balanced diet that suits their size, age, and activity level is crucial for Cavaliers. High-quality commercial dog food, either dry or canned, can provide the necessary nutrients. It\u2019s important to monitor their weight and avoid overfeeding, as Cavaliers can be prone to obesity. Consult your veterinarian for specific dietary recommendations tailored to your dog's needs.<\/p>\t\t\t\t\t\t\t\t<\/div>\n\t\t\t\t<\/div>\n\t\t\t\t\t<\/div>\n\t\t<\/div>\n\t\t\t\t\t<\/div>\n\t\t<\/section>\n\t\t\t\t<section class=\"elementor-section elementor-top-section elementor-element elementor-element-57489aba elementor-section-boxed elementor-section-height-default elementor-section-height-default\" data-id=\"57489aba\" data-element_type=\"section\" data-e-type=\"section\">\n\t\t\t\t\t\t<div class=\"elementor-container elementor-column-gap-no\">\n\t\t\t\t\t<div class=\"elementor-column elementor-col-100 elementor-top-column elementor-element elementor-element-5c15f257\" data-id=\"5c15f257\" data-element_type=\"column\" data-e-type=\"column\" data-settings=\"{&quot;background_background&quot;:&quot;classic&quot;}\">\n\t\t\t<div class=\"elementor-widget-wrap elementor-element-populated\">\n\t\t\t\t\t<div class=\"elementor-background-overlay\"><\/div>\n\t\t\t\t\t\t<div class=\"elementor-element elementor-element-78e537f5 elementor-vertical-align-middle elementor-widget elementor-widget-image-box\" data-id=\"78e537f5\" data-element_type=\"widget\" data-e-type=\"widget\" data-widget_type=\"image-box.default\">\n\t\t\t\t<div class=\"elementor-widget-container\">\n\t\t\t\t\t<div class=\"elementor-image-box-wrapper\"><div class=\"elementor-image-box-content\"><h3 class=\"elementor-image-box-title\">Do you have any additional questions?<\/h3><p class=\"elementor-image-box-description\">Feel free to contact us; we will be more than happy to help with any questions or concerns you may have.<\/p><\/div><\/div>\t\t\t\t<\/div>\n\t\t\t\t<\/div>\n\t\t\t\t<div class=\"elementor-element elementor-element-6789cb41 elementor-button-danger elementor-mobile-align-center elementor-widget elementor-widget-button\" data-id=\"6789cb41\" data-element_type=\"widget\" data-e-type=\"widget\" data-widget_type=\"button.default\">\n\t\t\t\t<div class=\"elementor-widget-container\">\n\t\t\t\t\t\t\t\t\t<div class=\"elementor-button-wrapper\">\n\t\t\t\t\t<a class=\"elementor-button elementor-button-link elementor-size-sm\" href=\"https:\/\/noblecrownkennel.com\/en\/contact\/\">\n\t\t\t\t\t\t<span class=\"elementor-button-content-wrapper\">\n\t\t\t\t\t\t\t\t\t<span class=\"elementor-button-text\">Contact Us<\/span>\n\t\t\t\t\t<\/span>\n\t\t\t\t\t<\/a>\n\t\t\t\t<\/div>\n\t\t\t\t\t\t\t\t<\/div>\n\t\t\t\t<\/div>\n\t\t\t\t\t<\/div>\n\t\t<\/div>\n\t\t\t\t\t<\/div>\n\t\t<\/section>\n\t\t\t\t<\/div>","protected":false},"excerpt":{"rendered":"<p>FAQ Naj\u010de\u0161\u0107a pitanja koja dobijamo od svih koji \u017eele da nabave ovu rasu. Koji su glavni zdravstveni problemi kod Kavalier \u0161panijela kralja \u010carlsa? Kavalier \u0161panijeli kralja \u010carlsa su skloni odre\u0111enim zdravstvenim problemima, uklju\u010duju\u0107i bolest mitralnog zaliska, Episodic Falling sindrom, sindrom suvog oka i kovrd\u017eave dlake, i\u0161\u010da\u0161enje patele i infekcije u\u0161iju. Redovni veterinarski pregledi poma\u017eu u [&hellip;]<\/p>\n","protected":false},"author":4,"featured_media":0,"parent":0,"menu_order":0,"comment_status":"closed","ping_status":"closed","template":"template-blank.php","meta":{"inline_featured_image":false,"_monsterinsights_skip_tracking":false,"_monsterinsights_sitenote_active":false,"_monsterinsights_sitenote_note":"","_monsterinsights_sitenote_category":0,"_uf_show_specific_survey":0,"_uf_disable_surveys":false,"footnotes":""},"class_list":["post-2567","page","type-page","status-publish","hentry"],"yoast_head":"<!-- This site is optimized with the Yoast SEO Premium plugin v22.8 (Yoast SEO v27.3) - https:\/\/yoast.com\/product\/yoast-seo-premium-wordpress\/ -->\n<title>FAQ - Noble Crown<\/title>\n<meta name=\"robots\" content=\"index, follow, max-snippet:-1, max-image-preview:large, max-video-preview:-1\" \/>\n<link rel=\"canonical\" href=\"https:\/\/noblecrownkennel.com\/en\/faq\/\" \/>\n<meta property=\"og:locale\" content=\"en_US\" \/>\n<meta property=\"og:type\" content=\"article\" \/>\n<meta property=\"og:title\" content=\"FAQ\" \/>\n<meta property=\"og:description\" content=\"FAQ Naj\u010de\u0161\u0107a pitanja koja dobijamo od svih koji \u017eele da nabave ovu rasu. Koji su glavni zdravstveni problemi kod Kavalier \u0161panijela kralja \u010carlsa? Kavalier \u0161panijeli kralja \u010carlsa su skloni odre\u0111enim zdravstvenim problemima, uklju\u010duju\u0107i bolest mitralnog zaliska, Episodic Falling sindrom, sindrom suvog oka i kovrd\u017eave dlake, i\u0161\u010da\u0161enje patele i infekcije u\u0161iju. Redovni veterinarski pregledi poma\u017eu u [&hellip;]\" \/>\n<meta property=\"og:url\" content=\"https:\/\/noblecrownkennel.com\/en\/faq\/\" \/>\n<meta property=\"og:site_name\" content=\"Noble Crown\" \/>\n<meta property=\"article:publisher\" content=\"https:\/\/www.facebook.com\/noblecrownkennel\" \/>\n<meta property=\"article:modified_time\" content=\"2024-06-10T17:46:48+00:00\" \/>\n<meta property=\"og:image\" content=\"https:\/\/noblecrownkennel.com\/wp-content\/uploads\/2019\/09\/divider_03.svg\" \/>\n<meta name=\"twitter:card\" content=\"summary_large_image\" \/>\n<meta name=\"twitter:label1\" content=\"Est. reading time\" \/>\n\t<meta name=\"twitter:data1\" content=\"2 minutes\" \/>\n<script type=\"application\/ld+json\" class=\"yoast-schema-graph\">{\"@context\":\"https:\\\/\\\/schema.org\",\"@graph\":[{\"@type\":\"WebPage\",\"@id\":\"https:\\\/\\\/noblecrownkennel.com\\\/faq\\\/\",\"url\":\"https:\\\/\\\/noblecrownkennel.com\\\/faq\\\/\",\"name\":\"FAQ - Noble Crown\",\"isPartOf\":{\"@id\":\"https:\\\/\\\/noblecrownkennel.com\\\/#website\"},\"primaryImageOfPage\":{\"@id\":\"https:\\\/\\\/noblecrownkennel.com\\\/faq\\\/#primaryimage\"},\"image\":{\"@id\":\"https:\\\/\\\/noblecrownkennel.com\\\/faq\\\/#primaryimage\"},\"thumbnailUrl\":\"https:\\\/\\\/noblecrownkennel.com\\\/wp-content\\\/uploads\\\/2019\\\/09\\\/divider_03.svg\",\"datePublished\":\"2022-04-03T10:03:04+00:00\",\"dateModified\":\"2024-06-10T17:46:48+00:00\",\"breadcrumb\":{\"@id\":\"https:\\\/\\\/noblecrownkennel.com\\\/faq\\\/#breadcrumb\"},\"inLanguage\":\"en-US\",\"potentialAction\":[{\"@type\":\"ReadAction\",\"target\":[\"https:\\\/\\\/noblecrownkennel.com\\\/faq\\\/\"]}]},{\"@type\":\"ImageObject\",\"inLanguage\":\"en-US\",\"@id\":\"https:\\\/\\\/noblecrownkennel.com\\\/faq\\\/#primaryimage\",\"url\":\"https:\\\/\\\/noblecrownkennel.com\\\/wp-content\\\/uploads\\\/2019\\\/09\\\/divider_03.svg\",\"contentUrl\":\"https:\\\/\\\/noblecrownkennel.com\\\/wp-content\\\/uploads\\\/2019\\\/09\\\/divider_03.svg\"},{\"@type\":\"BreadcrumbList\",\"@id\":\"https:\\\/\\\/noblecrownkennel.com\\\/faq\\\/#breadcrumb\",\"itemListElement\":[{\"@type\":\"ListItem\",\"position\":1,\"name\":\"Home\",\"item\":\"https:\\\/\\\/noblecrownkennel.com\\\/\"},{\"@type\":\"ListItem\",\"position\":2,\"name\":\"FAQ\"}]},{\"@type\":\"WebSite\",\"@id\":\"https:\\\/\\\/noblecrownkennel.com\\\/#website\",\"url\":\"https:\\\/\\\/noblecrownkennel.com\\\/\",\"name\":\"Noble Crown Kennel\",\"description\":\"odgajiva\u010dnica Kavalier \u0161panijela kralja \u010carlsa\",\"publisher\":{\"@id\":\"https:\\\/\\\/noblecrownkennel.com\\\/#organization\"},\"potentialAction\":[{\"@type\":\"SearchAction\",\"target\":{\"@type\":\"EntryPoint\",\"urlTemplate\":\"https:\\\/\\\/noblecrownkennel.com\\\/?s={search_term_string}\"},\"query-input\":{\"@type\":\"PropertyValueSpecification\",\"valueRequired\":true,\"valueName\":\"search_term_string\"}}],\"inLanguage\":\"en-US\"},{\"@type\":\"Organization\",\"@id\":\"https:\\\/\\\/noblecrownkennel.com\\\/#organization\",\"name\":\"Noble Crown odgajiva\u010dnica Kavalier \u0161panijela kralja \u010carlsa\",\"url\":\"https:\\\/\\\/noblecrownkennel.com\\\/\",\"logo\":{\"@type\":\"ImageObject\",\"inLanguage\":\"en-US\",\"@id\":\"https:\\\/\\\/noblecrownkennel.com\\\/#\\\/schema\\\/logo\\\/image\\\/\",\"url\":\"https:\\\/\\\/noblecrownkennel.com\\\/wp-content\\\/uploads\\\/2024\\\/06\\\/0-02-05-cdcdc5e320167c766baf36cd2d8b3512cfb89ad87e164b962eb3e754bc927ec6_ac1cf91cf9270f27.png\",\"contentUrl\":\"https:\\\/\\\/noblecrownkennel.com\\\/wp-content\\\/uploads\\\/2024\\\/06\\\/0-02-05-cdcdc5e320167c766baf36cd2d8b3512cfb89ad87e164b962eb3e754bc927ec6_ac1cf91cf9270f27.png\",\"width\":500,\"height\":500,\"caption\":\"Noble Crown odgajiva\u010dnica Kavalier \u0161panijela kralja \u010carlsa\"},\"image\":{\"@id\":\"https:\\\/\\\/noblecrownkennel.com\\\/#\\\/schema\\\/logo\\\/image\\\/\"},\"sameAs\":[\"https:\\\/\\\/www.facebook.com\\\/noblecrownkennel\",\"https:\\\/\\\/www.instagram.com\\\/noblecrownkennel\\\/\"]}]}<\/script>\n<!-- \/ Yoast SEO Premium plugin. -->","yoast_head_json":{"title":"FAQ - Noble Crown","robots":{"index":"index","follow":"follow","max-snippet":"max-snippet:-1","max-image-preview":"max-image-preview:large","max-video-preview":"max-video-preview:-1"},"canonical":"https:\/\/noblecrownkennel.com\/en\/faq\/","og_locale":"en_US","og_type":"article","og_title":"FAQ","og_description":"FAQ Naj\u010de\u0161\u0107a pitanja koja dobijamo od svih koji \u017eele da nabave ovu rasu. Koji su glavni zdravstveni problemi kod Kavalier \u0161panijela kralja \u010carlsa? Kavalier \u0161panijeli kralja \u010carlsa su skloni odre\u0111enim zdravstvenim problemima, uklju\u010duju\u0107i bolest mitralnog zaliska, Episodic Falling sindrom, sindrom suvog oka i kovrd\u017eave dlake, i\u0161\u010da\u0161enje patele i infekcije u\u0161iju. Redovni veterinarski pregledi poma\u017eu u [&hellip;]","og_url":"https:\/\/noblecrownkennel.com\/en\/faq\/","og_site_name":"Noble Crown","article_publisher":"https:\/\/www.facebook.com\/noblecrownkennel","article_modified_time":"2024-06-10T17:46:48+00:00","og_image":[{"url":"https:\/\/noblecrownkennel.com\/wp-content\/uploads\/2019\/09\/divider_03.svg","type":"","width":"","height":""}],"twitter_card":"summary_large_image","twitter_misc":{"Est. reading time":"2 minutes"},"schema":{"@context":"https:\/\/schema.org","@graph":[{"@type":"WebPage","@id":"https:\/\/noblecrownkennel.com\/faq\/","url":"https:\/\/noblecrownkennel.com\/faq\/","name":"FAQ - Noble Crown","isPartOf":{"@id":"https:\/\/noblecrownkennel.com\/#website"},"primaryImageOfPage":{"@id":"https:\/\/noblecrownkennel.com\/faq\/#primaryimage"},"image":{"@id":"https:\/\/noblecrownkennel.com\/faq\/#primaryimage"},"thumbnailUrl":"https:\/\/noblecrownkennel.com\/wp-content\/uploads\/2019\/09\/divider_03.svg","datePublished":"2022-04-03T10:03:04+00:00","dateModified":"2024-06-10T17:46:48+00:00","breadcrumb":{"@id":"https:\/\/noblecrownkennel.com\/faq\/#breadcrumb"},"inLanguage":"en-US","potentialAction":[{"@type":"ReadAction","target":["https:\/\/noblecrownkennel.com\/faq\/"]}]},{"@type":"ImageObject","inLanguage":"en-US","@id":"https:\/\/noblecrownkennel.com\/faq\/#primaryimage","url":"https:\/\/noblecrownkennel.com\/wp-content\/uploads\/2019\/09\/divider_03.svg","contentUrl":"https:\/\/noblecrownkennel.com\/wp-content\/uploads\/2019\/09\/divider_03.svg"},{"@type":"BreadcrumbList","@id":"https:\/\/noblecrownkennel.com\/faq\/#breadcrumb","itemListElement":[{"@type":"ListItem","position":1,"name":"Home","item":"https:\/\/noblecrownkennel.com\/"},{"@type":"ListItem","position":2,"name":"FAQ"}]},{"@type":"WebSite","@id":"https:\/\/noblecrownkennel.com\/#website","url":"https:\/\/noblecrownkennel.com\/","name":"Noble Crown Kennel","description":"Cavalier King Charles Spaniel Breeding Kennel","publisher":{"@id":"https:\/\/noblecrownkennel.com\/#organization"},"potentialAction":[{"@type":"SearchAction","target":{"@type":"EntryPoint","urlTemplate":"https:\/\/noblecrownkennel.com\/?s={search_term_string}"},"query-input":{"@type":"PropertyValueSpecification","valueRequired":true,"valueName":"search_term_string"}}],"inLanguage":"en-US"},{"@type":"Organization","@id":"https:\/\/noblecrownkennel.com\/#organization","name":"Noble Crown Kennel of King Charles Cavalier Spaniels","url":"https:\/\/noblecrownkennel.com\/","logo":{"@type":"ImageObject","inLanguage":"en-US","@id":"https:\/\/noblecrownkennel.com\/#\/schema\/logo\/image\/","url":"https:\/\/noblecrownkennel.com\/wp-content\/uploads\/2024\/06\/0-02-05-cdcdc5e320167c766baf36cd2d8b3512cfb89ad87e164b962eb3e754bc927ec6_ac1cf91cf9270f27.png","contentUrl":"https:\/\/noblecrownkennel.com\/wp-content\/uploads\/2024\/06\/0-02-05-cdcdc5e320167c766baf36cd2d8b3512cfb89ad87e164b962eb3e754bc927ec6_ac1cf91cf9270f27.png","width":500,"height":500,"caption":"Noble Crown odgajiva\u010dnica Kavalier \u0161panijela kralja \u010carlsa"},"image":{"@id":"https:\/\/noblecrownkennel.com\/#\/schema\/logo\/image\/"},"sameAs":["https:\/\/www.facebook.com\/noblecrownkennel","https:\/\/www.instagram.com\/noblecrownkennel\/"]}]}},"_links":{"self":[{"href":"https:\/\/noblecrownkennel.com\/en\/wp-json\/wp\/v2\/pages\/2567","targetHints":{"allow":["GET"]}}],"collection":[{"href":"https:\/\/noblecrownkennel.com\/en\/wp-json\/wp\/v2\/pages"}],"about":[{"href":"https:\/\/noblecrownkennel.com\/en\/wp-json\/wp\/v2\/types\/page"}],"author":[{"embeddable":true,"href":"https:\/\/noblecrownkennel.com\/en\/wp-json\/wp\/v2\/users\/4"}],"replies":[{"embeddable":true,"href":"https:\/\/noblecrownkennel.com\/en\/wp-json\/wp\/v2\/comments?post=2567"}],"version-history":[{"count":0,"href":"https:\/\/noblecrownkennel.com\/en\/wp-json\/wp\/v2\/pages\/2567\/revisions"}],"wp:attachment":[{"href":"https:\/\/noblecrownkennel.com\/en\/wp-json\/wp\/v2\/media?parent=2567"}],"curies":[{"name":"wp","href":"https:\/\/api.w.org\/{rel}","templated":true}]}}