{"id":3717,"date":"2024-04-14T19:15:24","date_gmt":"2024-04-14T19:15:24","guid":{"rendered":"https:\/\/nala.swipeup.rs\/?page_id=3717"},"modified":"2025-11-12T20:53:54","modified_gmt":"2025-11-12T20:53:54","slug":"muzjak","status":"publish","type":"page","link":"https:\/\/noblecrownkennel.com\/de\/mannchen\/","title":{"rendered":"M\u00e4nnchen"},"content":{"rendered":"\t\t<div data-elementor-type=\"wp-page\" data-elementor-id=\"3717\" class=\"elementor elementor-3717\" data-elementor-post-type=\"page\">\n\t\t\t\t\t\t<section class=\"elementor-section elementor-top-section elementor-element elementor-element-fd8dd81 elementor-section-boxed elementor-section-height-default elementor-section-height-default\" data-id=\"fd8dd81\" data-element_type=\"section\" data-e-type=\"section\">\n\t\t\t\t\t\t<div class=\"elementor-container elementor-column-gap-default\">\n\t\t\t\t\t<div class=\"elementor-column elementor-col-100 elementor-top-column elementor-element elementor-element-7375db2\" data-id=\"7375db2\" data-element_type=\"column\" data-e-type=\"column\">\n\t\t\t<div class=\"elementor-widget-wrap elementor-element-populated\">\n\t\t\t\t\t\t<div class=\"elementor-element elementor-element-4f4558c elementor-widget elementor-widget-heading\" data-id=\"4f4558c\" data-element_type=\"widget\" data-e-type=\"widget\" data-widget_type=\"heading.default\">\n\t\t\t\t<div class=\"elementor-widget-container\">\n\t\t\t\t\t<h2 class=\"elementor-heading-title elementor-size-default\">Bosom Pals Donut With Sprinkles<\/h2>\t\t\t\t<\/div>\n\t\t\t\t<\/div>\n\t\t\t\t\t<\/div>\n\t\t<\/div>\n\t\t\t\t\t<\/div>\n\t\t<\/section>\n\t\t\t\t<section class=\"elementor-section elementor-top-section elementor-element elementor-element-b57ab89 elementor-section-full_width elementor-section-content-top elementor-section-height-default elementor-section-height-default\" data-id=\"b57ab89\" data-element_type=\"section\" data-e-type=\"section\">\n\t\t\t\t\t\t<div class=\"elementor-container elementor-column-gap-default\">\n\t\t\t\t\t<div class=\"elementor-column elementor-col-100 elementor-top-column elementor-element elementor-element-74caf71\" data-id=\"74caf71\" data-element_type=\"column\" data-e-type=\"column\">\n\t\t\t<div class=\"elementor-widget-wrap elementor-element-populated\">\n\t\t\t\t\t\t<div class=\"elementor-element elementor-element-654e253 elementor-arrows-position-inside elementor-pagination-position-outside elementor-widget elementor-widget-image-carousel\" data-id=\"654e253\" data-element_type=\"widget\" data-e-type=\"widget\" data-settings=\"{&quot;navigation&quot;:&quot;both&quot;,&quot;autoplay&quot;:&quot;yes&quot;,&quot;pause_on_hover&quot;:&quot;yes&quot;,&quot;pause_on_interaction&quot;:&quot;yes&quot;,&quot;autoplay_speed&quot;:5000,&quot;infinite&quot;:&quot;yes&quot;,&quot;speed&quot;:500}\" data-widget_type=\"image-carousel.default\">\n\t\t\t\t<div class=\"elementor-widget-container\">\n\t\t\t\t\t\t\t<div class=\"elementor-image-carousel-wrapper swiper\" role=\"region\" aria-roledescription=\"carousel\" aria-label=\"Image Carousel\" dir=\"ltr\">\n\t\t\t<div class=\"elementor-image-carousel swiper-wrapper\" aria-live=\"off\">\n\t\t\t\t\t\t\t\t<div class=\"swiper-slide\" role=\"group\" aria-roledescription=\"slide\" aria-label=\"1 of 8\"><figure class=\"swiper-slide-inner\"><img decoding=\"async\" class=\"swiper-slide-image\" src=\"https:\/\/noblecrownkennel.com\/wp-content\/uploads\/2024\/06\/caesar-1.png\" alt=\"caesar-1\" \/><\/figure><\/div><div class=\"swiper-slide\" role=\"group\" aria-roledescription=\"slide\" aria-label=\"2 of 8\"><figure class=\"swiper-slide-inner\"><img decoding=\"async\" class=\"swiper-slide-image\" src=\"https:\/\/noblecrownkennel.com\/wp-content\/uploads\/2024\/06\/caesar-2.png\" alt=\"caesar-2\" \/><\/figure><\/div><div class=\"swiper-slide\" role=\"group\" aria-roledescription=\"slide\" aria-label=\"3 of 8\"><figure class=\"swiper-slide-inner\"><img decoding=\"async\" class=\"swiper-slide-image\" src=\"https:\/\/noblecrownkennel.com\/wp-content\/uploads\/2024\/06\/caesar-3.png\" alt=\"caesar-3\" \/><\/figure><\/div><div class=\"swiper-slide\" role=\"group\" aria-roledescription=\"slide\" aria-label=\"4 of 8\"><figure class=\"swiper-slide-inner\"><img decoding=\"async\" class=\"swiper-slide-image\" src=\"https:\/\/noblecrownkennel.com\/wp-content\/uploads\/2024\/06\/caesar-4.png\" alt=\"caesar-4\" \/><\/figure><\/div><div class=\"swiper-slide\" role=\"group\" aria-roledescription=\"slide\" aria-label=\"5 of 8\"><figure class=\"swiper-slide-inner\"><img decoding=\"async\" class=\"swiper-slide-image\" src=\"https:\/\/noblecrownkennel.com\/wp-content\/uploads\/2024\/06\/caesar-5.png\" alt=\"caesar-5\" \/><\/figure><\/div><div class=\"swiper-slide\" role=\"group\" aria-roledescription=\"slide\" aria-label=\"6 of 8\"><figure class=\"swiper-slide-inner\"><img decoding=\"async\" class=\"swiper-slide-image\" src=\"https:\/\/noblecrownkennel.com\/wp-content\/uploads\/2024\/06\/caesar-6.png\" alt=\"caesar-6\" \/><\/figure><\/div><div class=\"swiper-slide\" role=\"group\" aria-roledescription=\"slide\" aria-label=\"7 of 8\"><figure class=\"swiper-slide-inner\"><img decoding=\"async\" class=\"swiper-slide-image\" src=\"https:\/\/noblecrownkennel.com\/wp-content\/uploads\/2024\/06\/caesar-7.png\" alt=\"caesar-7\" \/><\/figure><\/div><div class=\"swiper-slide\" role=\"group\" aria-roledescription=\"slide\" aria-label=\"8 of 8\"><figure class=\"swiper-slide-inner\"><img decoding=\"async\" class=\"swiper-slide-image\" src=\"https:\/\/noblecrownkennel.com\/wp-content\/uploads\/2024\/06\/caesar-8.png\" alt=\"caesar-8\" \/><\/figure><\/div>\t\t\t<\/div>\n\t\t\t\t\t\t\t\t\t\t\t\t<div class=\"elementor-swiper-button elementor-swiper-button-prev\" role=\"button\" tabindex=\"0\">\n\t\t\t\t\t\t<i aria-hidden=\"true\" class=\"eicon-chevron-left\"><\/i>\t\t\t\t\t<\/div>\n\t\t\t\t\t<div class=\"elementor-swiper-button elementor-swiper-button-next\" role=\"button\" tabindex=\"0\">\n\t\t\t\t\t\t<i aria-hidden=\"true\" class=\"eicon-chevron-right\"><\/i>\t\t\t\t\t<\/div>\n\t\t\t\t\n\t\t\t\t\t\t\t\t\t<div class=\"swiper-pagination\"><\/div>\n\t\t\t\t\t\t\t\t\t<\/div>\n\t\t\t\t\t\t<\/div>\n\t\t\t\t<\/div>\n\t\t\t\t\t<\/div>\n\t\t<\/div>\n\t\t\t\t\t<\/div>\n\t\t<\/section>\n\t\t\t\t<section class=\"elementor-section elementor-top-section elementor-element elementor-element-121e638 elementor-section-boxed elementor-section-height-default elementor-section-height-default\" data-id=\"121e638\" data-element_type=\"section\" data-e-type=\"section\">\n\t\t\t\t\t\t<div class=\"elementor-container elementor-column-gap-default\">\n\t\t\t\t\t<div class=\"elementor-column elementor-col-100 elementor-top-column elementor-element elementor-element-170d20c\" data-id=\"170d20c\" data-element_type=\"column\" data-e-type=\"column\">\n\t\t\t<div class=\"elementor-widget-wrap elementor-element-populated\">\n\t\t\t\t\t\t<div class=\"elementor-element elementor-element-a7097ff elementor-widget elementor-widget-text-editor\" data-id=\"a7097ff\" data-element_type=\"widget\" data-e-type=\"widget\" data-widget_type=\"text-editor.default\">\n\t\t\t\t<div class=\"elementor-widget-container\">\n\t\t\t\t\t\t\t\t\t<p>Bosom Pals Donut With Sprinkles (Cezar) je pas uvezen iz Rusije. Ro\u0111en 1.12.2022. u Sankt Petersburgu. Ima vrhunski pedigre. Na juniorskim izlo\u017ebama tokom 2024. godine ostvario je odli\u010dne rezultate uvek sa maksimalnom ocenom. Juniorski je prvak Srbije, Severne Makedonije, Crne Gore, Bosne i Hercegovine i Republike Srpske. Genetski testovi su pokazali da nema predispoziciju za naj\u010de\u0161\u0107e bolesti koje prate ovu rasu, a redovni veterinarski sistematski pregledi pokazuju da je njegovo zdravstveno stanje odli\u010dno.<\/p>\t\t\t\t\t\t\t\t<\/div>\n\t\t\t\t<\/div>\n\t\t\t\t\t<\/div>\n\t\t<\/div>\n\t\t\t\t\t<\/div>\n\t\t<\/section>\n\t\t\t\t<section class=\"elementor-section elementor-top-section elementor-element elementor-element-c140f28 elementor-section-boxed elementor-section-height-default elementor-section-height-default\" data-id=\"c140f28\" data-element_type=\"section\" data-e-type=\"section\">\n\t\t\t\t\t\t<div class=\"elementor-container elementor-column-gap-default\">\n\t\t\t\t\t<div class=\"elementor-column elementor-col-33 elementor-top-column elementor-element elementor-element-25665cb\" data-id=\"25665cb\" data-element_type=\"column\" data-e-type=\"column\">\n\t\t\t<div class=\"elementor-widget-wrap elementor-element-populated\">\n\t\t\t\t\t\t<div class=\"elementor-element elementor-element-f96f19a elementor-widget elementor-widget-text-editor\" data-id=\"f96f19a\" data-element_type=\"widget\" data-e-type=\"widget\" data-widget_type=\"text-editor.default\">\n\t\t\t\t<div class=\"elementor-widget-container\">\n\t\t\t\t\t\t\t\t\t<p><strong>Titles:<\/strong><\/p><p>BOSNIA AND HERZEGOVINA: BIJELJINA: 2XJCAC, 2XJBOB, JCACIB<br \/>NORTH MACEDONIA: GEVGELIA: 3XJCAC, 2XJCACIB, 2XJBOB, 1XBOB<br \/>MONTENEGRO: 3XJCAC, 2XJCACIB, 3XJBOB, 3XBOB<br \/>SERBIA: KRALJEVO: JCAC, JCACIB, JBOB, JUNIOR CLUB WINNER, JBOB<br \/>SERBIA: KRAGUJEVAC: JCAC, JBOB, BOB<br \/><strong>JR. Ch. BiH, RS, MKD, MNE, SRB<\/strong><\/p>\t\t\t\t\t\t\t\t<\/div>\n\t\t\t\t<\/div>\n\t\t\t\t\t<\/div>\n\t\t<\/div>\n\t\t\t\t<div class=\"elementor-column elementor-col-33 elementor-top-column elementor-element elementor-element-f133692\" data-id=\"f133692\" data-element_type=\"column\" data-e-type=\"column\">\n\t\t\t<div class=\"elementor-widget-wrap elementor-element-populated\">\n\t\t\t\t\t\t<div class=\"elementor-element elementor-element-4f29e5e elementor-widget elementor-widget-text-editor\" data-id=\"4f29e5e\" data-element_type=\"widget\" data-e-type=\"widget\" data-widget_type=\"text-editor.default\">\n\t\t\t\t<div class=\"elementor-widget-container\">\n\t\t\t\t\t\t\t\t\t<p><strong>DNA tests:<\/strong><\/p><p>Episodic falling syndrome (EFS) <strong>N\/N<\/strong><br \/>Dry eye curly coat syndrome (CKCSID) <strong>N\/N<\/strong><br \/>Degenerative Myelopathy (DM) <strong>N\/N<\/strong><br \/>Muscular dystrophy (MD) &#8211; CKCS <strong>N\/N<\/strong><\/p>\t\t\t\t\t\t\t\t<\/div>\n\t\t\t\t<\/div>\n\t\t\t\t\t<\/div>\n\t\t<\/div>\n\t\t\t\t<div class=\"elementor-column elementor-col-33 elementor-top-column elementor-element elementor-element-a825224\" data-id=\"a825224\" data-element_type=\"column\" data-e-type=\"column\">\n\t\t\t<div class=\"elementor-widget-wrap elementor-element-populated\">\n\t\t\t\t\t\t<div class=\"elementor-element elementor-element-d061039 elementor-widget elementor-widget-text-editor\" data-id=\"d061039\" data-element_type=\"widget\" data-e-type=\"widget\" data-widget_type=\"text-editor.default\">\n\t\t\t\t<div class=\"elementor-widget-container\">\n\t\t\t\t\t\t\t\t\t<p><strong>Health Status:<\/strong><\/p><p>Heart <strong>CLEAR<\/strong><br \/>Patela <strong>FREE<\/strong><br \/>Eyes <strong>CLEAR<\/strong><\/p>\t\t\t\t\t\t\t\t<\/div>\n\t\t\t\t<\/div>\n\t\t\t\t\t<\/div>\n\t\t<\/div>\n\t\t\t\t\t<\/div>\n\t\t<\/section>\n\t\t\t\t<section class=\"elementor-section elementor-top-section elementor-element elementor-element-9241351 elementor-section-boxed elementor-section-height-default elementor-section-height-default\" data-id=\"9241351\" data-element_type=\"section\" data-e-type=\"section\">\n\t\t\t\t\t\t<div class=\"elementor-container elementor-column-gap-default\">\n\t\t\t\t\t<div class=\"elementor-column elementor-col-100 elementor-top-column elementor-element elementor-element-f467531\" data-id=\"f467531\" data-element_type=\"column\" data-e-type=\"column\">\n\t\t\t<div class=\"elementor-widget-wrap elementor-element-populated\">\n\t\t\t\t\t\t<div class=\"elementor-element elementor-element-7601f1d elementor-widget elementor-widget-heading\" data-id=\"7601f1d\" data-element_type=\"widget\" data-e-type=\"widget\" data-widget_type=\"heading.default\">\n\t\t\t\t<div class=\"elementor-widget-container\">\n\t\t\t\t\t<h2 class=\"elementor-heading-title elementor-size-default\">Rezervi\u0161ite \u0161tene<\/h2>\t\t\t\t<\/div>\n\t\t\t\t<\/div>\n\t\t\t\t\t<\/div>\n\t\t<\/div>\n\t\t\t\t\t<\/div>\n\t\t<\/section>\n\t\t\t\t<section class=\"elementor-section elementor-top-section elementor-element elementor-element-c1b63db elementor-section-boxed elementor-section-height-default elementor-section-height-default\" data-id=\"c1b63db\" data-element_type=\"section\" data-e-type=\"section\">\n\t\t\t\t\t\t<div class=\"elementor-container elementor-column-gap-default\">\n\t\t\t\t\t<div class=\"elementor-column elementor-col-100 elementor-top-column elementor-element elementor-element-4ce1370\" data-id=\"4ce1370\" data-element_type=\"column\" data-e-type=\"column\">\n\t\t\t<div class=\"elementor-widget-wrap elementor-element-populated\">\n\t\t\t\t\t\t<div class=\"elementor-element elementor-element-1d5ccb0 elementor-widget elementor-widget-wpforms\" data-id=\"1d5ccb0\" data-element_type=\"widget\" data-e-type=\"widget\" data-widget_type=\"wpforms.default\">\n\t\t\t\t<div class=\"elementor-widget-container\">\n\t\t\t\t\t<div class=\"wpforms-container wpforms-container-full\" id=\"wpforms-73\"><form id=\"wpforms-form-73\" class=\"wpforms-validate wpforms-form\" data-formid=\"73\" method=\"post\" enctype=\"multipart\/form-data\" action=\"\/de\/wp-json\/wp\/v2\/pages\/3717\" data-token=\"96edf74c82f6973e9bf8263441a2057d\" data-token-time=\"1776312437\"><noscript class=\"wpforms-error-noscript\">Bitte aktiviere JavaScript in deinem Browser, um dieses Formular fertigzustellen.<\/noscript><div class=\"wpforms-field-container\"><div id=\"wpforms-73-field_0-container\" class=\"wpforms-field wpforms-field-name\" data-field-id=\"0\"><label class=\"wpforms-field-label\" for=\"wpforms-73-field_0\">Ime i prezime <span class=\"wpforms-required-label\">*<\/span><\/label><input type=\"text\" id=\"wpforms-73-field_0\" class=\"wpforms-field-medium wpforms-field-required\" name=\"wpforms[fields][0]\" required><\/div><div id=\"wpforms-73-field_4-container\" class=\"wpforms-field wpforms-field-text\" data-field-id=\"4\"><label class=\"wpforms-field-label\" for=\"wpforms-73-field_4\">Telefon<\/label><input type=\"text\" id=\"wpforms-73-field_4\" class=\"wpforms-field-medium\" name=\"wpforms[fields][4]\" ><\/div><div id=\"wpforms-73-field_1-container\" class=\"wpforms-field wpforms-field-email\" data-field-id=\"1\"><label class=\"wpforms-field-label\" for=\"wpforms-73-field_1\">E-mail <span class=\"wpforms-required-label\">*<\/span><\/label><input type=\"email\" id=\"wpforms-73-field_1\" class=\"wpforms-field-medium wpforms-field-required\" name=\"wpforms[fields][1]\" spellcheck=\"false\" required><\/div><div id=\"wpforms-73-field_2-container\" class=\"wpforms-field wpforms-field-textarea\" data-field-id=\"2\"><label class=\"wpforms-field-label\" for=\"wpforms-73-field_2\">Poruka <span class=\"wpforms-required-label\">*<\/span><\/label><textarea id=\"wpforms-73-field_2\" class=\"wpforms-field-medium wpforms-field-required\" name=\"wpforms[fields][2]\" required><\/textarea><\/div><\/div><!-- .wpforms-field-container --><div class=\"wpforms-field wpforms-field-hp\"><label for=\"wpforms-73-field-hp\" class=\"wpforms-field-label\">Message<\/label><input type=\"text\" name=\"wpforms[hp]\" id=\"wpforms-73-field-hp\" class=\"wpforms-field-medium\"><\/div><div class=\"wpforms-recaptcha-container wpforms-is-recaptcha wpforms-is-recaptcha-type-v3\" ><input type=\"hidden\" name=\"wpforms[recaptcha]\" value=\"\"><\/div><div class=\"wpforms-submit-container\" ><input type=\"hidden\" name=\"wpforms[id]\" value=\"73\"><input type=\"hidden\" name=\"page_title\" value=\"\"><input type=\"hidden\" name=\"page_url\" value=\"https:\/\/noblecrownkennel.com\/de\/wp-json\/wp\/v2\/pages\/3717\"><input type=\"hidden\" name=\"url_referer\" value=\"\"><button type=\"submit\" name=\"wpforms[submit]\" id=\"wpforms-submit-73\" class=\"wpforms-submit button\" data-alt-text=\"\u0160alje se...\" data-submit-text=\"Po\u0161alji\" aria-live=\"assertive\" value=\"wpforms-submit\">Po\u0161alji<\/button><\/div><\/form><\/div>  <!-- .wpforms-container -->\t\t\t\t<\/div>\n\t\t\t\t<\/div>\n\t\t\t\t\t<\/div>\n\t\t<\/div>\n\t\t\t\t\t<\/div>\n\t\t<\/section>\n\t\t\t\t<\/div>\n\t\t","protected":false},"excerpt":{"rendered":"<p>Bosom Pals Donut With Sprinkles Bosom Pals Donut With Sprinkles (Cezar) je pas uvezen iz Rusije. Ro\u0111en 1.12.2022. u Sankt Petersburgu. Ima vrhunski pedigre. Na juniorskim izlo\u017ebama tokom 2024. godine ostvario je odli\u010dne rezultate uvek sa maksimalnom ocenom. Juniorski je prvak Srbije, Severne Makedonije, Crne Gore, Bosne i Hercegovine i Republike Srpske. Genetski testovi su [&hellip;]<\/p>\n","protected":false},"author":4,"featured_media":0,"parent":0,"menu_order":0,"comment_status":"closed","ping_status":"closed","template":"elementor_header_footer","meta":{"inline_featured_image":false,"_monsterinsights_skip_tracking":false,"_monsterinsights_sitenote_active":false,"_monsterinsights_sitenote_note":"","_monsterinsights_sitenote_category":0,"_uf_show_specific_survey":0,"_uf_disable_surveys":false,"footnotes":""},"class_list":["post-3717","page","type-page","status-publish","hentry"],"yoast_head":"<!-- This site is optimized with the Yoast SEO Premium plugin v22.8 (Yoast SEO v27.3) - https:\/\/yoast.com\/product\/yoast-seo-premium-wordpress\/ -->\n<title>Mu\u017ejak - Noble Crown<\/title>\n<meta name=\"robots\" content=\"index, follow, max-snippet:-1, max-image-preview:large, max-video-preview:-1\" \/>\n<link rel=\"canonical\" href=\"https:\/\/noblecrownkennel.com\/de\/mannchen\/\" \/>\n<meta property=\"og:locale\" content=\"de_DE\" \/>\n<meta property=\"og:type\" content=\"article\" \/>\n<meta property=\"og:title\" content=\"Mu\u017ejak\" \/>\n<meta property=\"og:description\" content=\"Bosom Pals Donut With Sprinkles Bosom Pals Donut With Sprinkles (Cezar) je pas uvezen iz Rusije. Ro\u0111en 1.12.2022. u Sankt Petersburgu. Ima vrhunski pedigre. Na juniorskim izlo\u017ebama tokom 2024. godine ostvario je odli\u010dne rezultate uvek sa maksimalnom ocenom. Juniorski je prvak Srbije, Severne Makedonije, Crne Gore, Bosne i Hercegovine i Republike Srpske. Genetski testovi su [&hellip;]\" \/>\n<meta property=\"og:url\" content=\"https:\/\/noblecrownkennel.com\/de\/mannchen\/\" \/>\n<meta property=\"og:site_name\" content=\"Noble Crown\" \/>\n<meta property=\"article:publisher\" content=\"https:\/\/www.facebook.com\/noblecrownkennel\" \/>\n<meta property=\"article:modified_time\" content=\"2025-11-12T20:53:54+00:00\" \/>\n<meta property=\"og:image\" content=\"https:\/\/noblecrownkennel.com\/wp-content\/uploads\/2024\/06\/caesar-1.png\" \/>\n<meta name=\"twitter:card\" content=\"summary_large_image\" \/>\n<meta name=\"twitter:label1\" content=\"Gesch\u00e4tzte Lesezeit\" \/>\n\t<meta name=\"twitter:data1\" content=\"4\u00a0Minuten\" \/>\n<script type=\"application\/ld+json\" class=\"yoast-schema-graph\">{\"@context\":\"https:\\\/\\\/schema.org\",\"@graph\":[{\"@type\":\"WebPage\",\"@id\":\"https:\\\/\\\/noblecrownkennel.com\\\/muzjak\\\/\",\"url\":\"https:\\\/\\\/noblecrownkennel.com\\\/muzjak\\\/\",\"name\":\"Mu\u017ejak - Noble Crown\",\"isPartOf\":{\"@id\":\"https:\\\/\\\/noblecrownkennel.com\\\/#website\"},\"primaryImageOfPage\":{\"@id\":\"https:\\\/\\\/noblecrownkennel.com\\\/muzjak\\\/#primaryimage\"},\"image\":{\"@id\":\"https:\\\/\\\/noblecrownkennel.com\\\/muzjak\\\/#primaryimage\"},\"thumbnailUrl\":\"https:\\\/\\\/noblecrownkennel.com\\\/wp-content\\\/uploads\\\/2024\\\/06\\\/caesar-1.png\",\"datePublished\":\"2024-04-14T19:15:24+00:00\",\"dateModified\":\"2025-11-12T20:53:54+00:00\",\"breadcrumb\":{\"@id\":\"https:\\\/\\\/noblecrownkennel.com\\\/muzjak\\\/#breadcrumb\"},\"inLanguage\":\"de\",\"potentialAction\":[{\"@type\":\"ReadAction\",\"target\":[\"https:\\\/\\\/noblecrownkennel.com\\\/muzjak\\\/\"]}]},{\"@type\":\"ImageObject\",\"inLanguage\":\"de\",\"@id\":\"https:\\\/\\\/noblecrownkennel.com\\\/muzjak\\\/#primaryimage\",\"url\":\"https:\\\/\\\/noblecrownkennel.com\\\/wp-content\\\/uploads\\\/2024\\\/06\\\/caesar-1.png\",\"contentUrl\":\"https:\\\/\\\/noblecrownkennel.com\\\/wp-content\\\/uploads\\\/2024\\\/06\\\/caesar-1.png\"},{\"@type\":\"BreadcrumbList\",\"@id\":\"https:\\\/\\\/noblecrownkennel.com\\\/muzjak\\\/#breadcrumb\",\"itemListElement\":[{\"@type\":\"ListItem\",\"position\":1,\"name\":\"Home\",\"item\":\"https:\\\/\\\/noblecrownkennel.com\\\/\"},{\"@type\":\"ListItem\",\"position\":2,\"name\":\"Mu\u017ejak\"}]},{\"@type\":\"WebSite\",\"@id\":\"https:\\\/\\\/noblecrownkennel.com\\\/#website\",\"url\":\"https:\\\/\\\/noblecrownkennel.com\\\/\",\"name\":\"Noble Crown Kennel\",\"description\":\"odgajiva\u010dnica Kavalier \u0161panijela kralja \u010carlsa\",\"publisher\":{\"@id\":\"https:\\\/\\\/noblecrownkennel.com\\\/#organization\"},\"potentialAction\":[{\"@type\":\"SearchAction\",\"target\":{\"@type\":\"EntryPoint\",\"urlTemplate\":\"https:\\\/\\\/noblecrownkennel.com\\\/?s={search_term_string}\"},\"query-input\":{\"@type\":\"PropertyValueSpecification\",\"valueRequired\":true,\"valueName\":\"search_term_string\"}}],\"inLanguage\":\"de\"},{\"@type\":\"Organization\",\"@id\":\"https:\\\/\\\/noblecrownkennel.com\\\/#organization\",\"name\":\"Noble Crown odgajiva\u010dnica Kavalier \u0161panijela kralja \u010carlsa\",\"url\":\"https:\\\/\\\/noblecrownkennel.com\\\/\",\"logo\":{\"@type\":\"ImageObject\",\"inLanguage\":\"de\",\"@id\":\"https:\\\/\\\/noblecrownkennel.com\\\/#\\\/schema\\\/logo\\\/image\\\/\",\"url\":\"https:\\\/\\\/noblecrownkennel.com\\\/wp-content\\\/uploads\\\/2024\\\/06\\\/0-02-05-cdcdc5e320167c766baf36cd2d8b3512cfb89ad87e164b962eb3e754bc927ec6_ac1cf91cf9270f27.png\",\"contentUrl\":\"https:\\\/\\\/noblecrownkennel.com\\\/wp-content\\\/uploads\\\/2024\\\/06\\\/0-02-05-cdcdc5e320167c766baf36cd2d8b3512cfb89ad87e164b962eb3e754bc927ec6_ac1cf91cf9270f27.png\",\"width\":500,\"height\":500,\"caption\":\"Noble Crown odgajiva\u010dnica Kavalier \u0161panijela kralja \u010carlsa\"},\"image\":{\"@id\":\"https:\\\/\\\/noblecrownkennel.com\\\/#\\\/schema\\\/logo\\\/image\\\/\"},\"sameAs\":[\"https:\\\/\\\/www.facebook.com\\\/noblecrownkennel\",\"https:\\\/\\\/www.instagram.com\\\/noblecrownkennel\\\/\"]}]}<\/script>\n<!-- \/ Yoast SEO Premium plugin. -->","yoast_head_json":{"title":"R\u00fcde - Noble Crown","robots":{"index":"index","follow":"follow","max-snippet":"max-snippet:-1","max-image-preview":"max-image-preview:large","max-video-preview":"max-video-preview:-1"},"canonical":"https:\/\/noblecrownkennel.com\/de\/mannchen\/","og_locale":"de_DE","og_type":"article","og_title":"Mu\u017ejak","og_description":"Bosom Pals Donut With Sprinkles Bosom Pals Donut With Sprinkles (Cezar) je pas uvezen iz Rusije. Ro\u0111en 1.12.2022. u Sankt Petersburgu. Ima vrhunski pedigre. Na juniorskim izlo\u017ebama tokom 2024. godine ostvario je odli\u010dne rezultate uvek sa maksimalnom ocenom. Juniorski je prvak Srbije, Severne Makedonije, Crne Gore, Bosne i Hercegovine i Republike Srpske. Genetski testovi su [&hellip;]","og_url":"https:\/\/noblecrownkennel.com\/de\/mannchen\/","og_site_name":"Noble Crown","article_publisher":"https:\/\/www.facebook.com\/noblecrownkennel","article_modified_time":"2025-11-12T20:53:54+00:00","og_image":[{"url":"https:\/\/noblecrownkennel.com\/wp-content\/uploads\/2024\/06\/caesar-1.png","type":"","width":"","height":""}],"twitter_card":"summary_large_image","twitter_misc":{"Gesch\u00e4tzte Lesezeit":"4\u00a0Minuten"},"schema":{"@context":"https:\/\/schema.org","@graph":[{"@type":"WebPage","@id":"https:\/\/noblecrownkennel.com\/muzjak\/","url":"https:\/\/noblecrownkennel.com\/muzjak\/","name":"R\u00fcde - Noble Crown","isPartOf":{"@id":"https:\/\/noblecrownkennel.com\/#website"},"primaryImageOfPage":{"@id":"https:\/\/noblecrownkennel.com\/muzjak\/#primaryimage"},"image":{"@id":"https:\/\/noblecrownkennel.com\/muzjak\/#primaryimage"},"thumbnailUrl":"https:\/\/noblecrownkennel.com\/wp-content\/uploads\/2024\/06\/caesar-1.png","datePublished":"2024-04-14T19:15:24+00:00","dateModified":"2025-11-12T20:53:54+00:00","breadcrumb":{"@id":"https:\/\/noblecrownkennel.com\/muzjak\/#breadcrumb"},"inLanguage":"de","potentialAction":[{"@type":"ReadAction","target":["https:\/\/noblecrownkennel.com\/muzjak\/"]}]},{"@type":"ImageObject","inLanguage":"de","@id":"https:\/\/noblecrownkennel.com\/muzjak\/#primaryimage","url":"https:\/\/noblecrownkennel.com\/wp-content\/uploads\/2024\/06\/caesar-1.png","contentUrl":"https:\/\/noblecrownkennel.com\/wp-content\/uploads\/2024\/06\/caesar-1.png"},{"@type":"BreadcrumbList","@id":"https:\/\/noblecrownkennel.com\/muzjak\/#breadcrumb","itemListElement":[{"@type":"ListItem","position":1,"name":"Home","item":"https:\/\/noblecrownkennel.com\/"},{"@type":"ListItem","position":2,"name":"Mu\u017ejak"}]},{"@type":"WebSite","@id":"https:\/\/noblecrownkennel.com\/#website","url":"https:\/\/noblecrownkennel.com\/","name":"Zucht Noble Crown","description":"Zucht von Cavalier King Charles Spaniels","publisher":{"@id":"https:\/\/noblecrownkennel.com\/#organization"},"potentialAction":[{"@type":"SearchAction","target":{"@type":"EntryPoint","urlTemplate":"https:\/\/noblecrownkennel.com\/?s={search_term_string}"},"query-input":{"@type":"PropertyValueSpecification","valueRequired":true,"valueName":"search_term_string"}}],"inLanguage":"de"},{"@type":"Organization","@id":"https:\/\/noblecrownkennel.com\/#organization","name":"Zucht Noble Crown des Cavalier King Charles Spaniels","url":"https:\/\/noblecrownkennel.com\/","logo":{"@type":"ImageObject","inLanguage":"de","@id":"https:\/\/noblecrownkennel.com\/#\/schema\/logo\/image\/","url":"https:\/\/noblecrownkennel.com\/wp-content\/uploads\/2024\/06\/0-02-05-cdcdc5e320167c766baf36cd2d8b3512cfb89ad87e164b962eb3e754bc927ec6_ac1cf91cf9270f27.png","contentUrl":"https:\/\/noblecrownkennel.com\/wp-content\/uploads\/2024\/06\/0-02-05-cdcdc5e320167c766baf36cd2d8b3512cfb89ad87e164b962eb3e754bc927ec6_ac1cf91cf9270f27.png","width":500,"height":500,"caption":"Noble Crown odgajiva\u010dnica Kavalier \u0161panijela kralja \u010carlsa"},"image":{"@id":"https:\/\/noblecrownkennel.com\/#\/schema\/logo\/image\/"},"sameAs":["https:\/\/www.facebook.com\/noblecrownkennel","https:\/\/www.instagram.com\/noblecrownkennel\/"]}]}},"_links":{"self":[{"href":"https:\/\/noblecrownkennel.com\/de\/wp-json\/wp\/v2\/pages\/3717","targetHints":{"allow":["GET"]}}],"collection":[{"href":"https:\/\/noblecrownkennel.com\/de\/wp-json\/wp\/v2\/pages"}],"about":[{"href":"https:\/\/noblecrownkennel.com\/de\/wp-json\/wp\/v2\/types\/page"}],"author":[{"embeddable":true,"href":"https:\/\/noblecrownkennel.com\/de\/wp-json\/wp\/v2\/users\/4"}],"replies":[{"embeddable":true,"href":"https:\/\/noblecrownkennel.com\/de\/wp-json\/wp\/v2\/comments?post=3717"}],"version-history":[{"count":3,"href":"https:\/\/noblecrownkennel.com\/de\/wp-json\/wp\/v2\/pages\/3717\/revisions"}],"predecessor-version":[{"id":7567,"href":"https:\/\/noblecrownkennel.com\/de\/wp-json\/wp\/v2\/pages\/3717\/revisions\/7567"}],"wp:attachment":[{"href":"https:\/\/noblecrownkennel.com\/de\/wp-json\/wp\/v2\/media?parent=3717"}],"curies":[{"name":"wp","href":"https:\/\/api.w.org\/{rel}","templated":true}]}}